{"id":22,"date":"2022-09-04T05:29:02","date_gmt":"2022-09-04T05:29:02","guid":{"rendered":"https:\/\/antyrad.pl\/?post_type=product&#038;p=22"},"modified":"2022-09-24T12:57:20","modified_gmt":"2022-09-24T12:57:20","slug":"flmodafinil","status":"publish","type":"product","link":"https:\/\/antyrad.pl\/en\/sklep\/flmodafinil\/","title":{"rendered":"FL-MODAFINIL, 99% Czysto\u015bci, 1000MG OR 1GRAM"},"content":{"rendered":"<h1>FlModafinil, 99% czysto\u015bci!<\/h1>\n<h1>1000mg czyli 1gram<\/h1>\n<h1>czystego Flmodafinilu.<\/h1>\n<h1><\/h1>\n<h2>Forma: Czysty bia\u0142y puder o charakterystycznym zapachu Flmodafinilu.<\/h2>\n<p>&nbsp;<\/p>\n<h3>Numer CAS: 90280-13-0<br \/>\nNazwa IUPAC: (2-amino-2-oksoetylo)[bis(4-fluorofenylo)metylo]sulfoniolan<br \/>\nNumer identyfikacyjny PubChem: 13271852<br \/>\nChemSpider: 26386803<\/h3>\n<p>&nbsp;<\/p>\n<ul>\n<li>\n<h4>FlModafinil najwy\u017cszej czysto\u015bci\u00a0 przekraczaj\u0105cej 99% wagi netto produktu.<\/h4>\n<\/li>\n<li>\n<h4>\u015arodek przebadany fizykochemiczne za pomoc\u0105 chromatografi i spektografii.<\/h4>\n<h4>Bez \u017cadnych substancji wype\u0142niaj\u0105cych.<\/h4>\n<\/li>\n<li>\n<h4>Najwy\u017cszej jako\u015bci chemia do bada\u0144 labolatoryjnych.<\/h4>\n<\/li>\n<li>\n<h4>Nie do spo\u017cycia przez ludzi.<\/h4>\n<\/li>\n<li>\n<h4>Na \u017cyczenie karta MDS produktu.<\/h4>\n<\/li>\n<li>\n<h4>Produkt syntetyzowany w polskim laboratorium.<\/h4>\n<\/li>\n<\/ul>\n<h4><\/h4>\n","protected":false},"excerpt":{"rendered":"<p>FlModafinil, 99% czysto\u015bci! 1000mg czyli 1gram czystego Flmodafinilu. Forma: Czysty bia\u0142y puder o charakterystycznym zapachu Flmodafinilu. &nbsp; Numer CAS: 90280-13-0 Nazwa IUPAC: (2-amino-2-oksoetylo)[bis(4-fluorofenylo)metylo]sulfoniolan Numer identyfikacyjny PubChem: 13271852 ChemSpider: 26386803 &nbsp; FlModafinil najwy\u017cszej czysto\u015bci\u00a0 przekraczaj\u0105cej 99% wagi netto produktu. \u015arodek przebadany fizykochemiczne za pomoc\u0105 chromatografi i spektografii. Bez \u017cadnych substancji wype\u0142niaj\u0105cych. Najwy\u017cszej jako\u015bci chemia do bada\u0144 &#8230; <a title=\"FL-MODAFINIL, 99% Czysto\u015bci, 1000MG OR 1GRAM\" class=\"read-more\" href=\"https:\/\/antyrad.pl\/en\/sklep\/flmodafinil\/\" aria-label=\"More on FL-MODAFINIL, 99% Czysto\u015bci, 1000MG OR 1GRAM\">Read more<\/a><\/p>\n","protected":false},"featured_media":120,"comment_status":"closed","ping_status":"closed","template":"","meta":[],"product_cat":[15],"product_tag":[16,17,18],"yoast_head":"<!-- This site is optimized with the Yoast SEO plugin v19.9 - https:\/\/yoast.com\/wordpress\/plugins\/seo\/ -->\n<title>FL-MODAFINIL, 99% Czysto\u015bci, 1000MG OR 1GRAM - NONSENSIA, Laboratorium.<\/title>\n<meta name=\"robots\" content=\"index, follow, max-snippet:-1, max-image-preview:large, max-video-preview:-1\" \/>\n<link rel=\"canonical\" href=\"https:\/\/antyrad.pl\/en\/sklep\/flmodafinil\/\" \/>\n<meta property=\"og:locale\" content=\"en_US\" \/>\n<meta property=\"og:type\" content=\"article\" \/>\n<meta property=\"og:title\" content=\"FL-MODAFINIL, 99% Czysto\u015bci, 1000MG OR 1GRAM - NONSENSIA, Laboratorium.\" \/>\n<meta property=\"og:description\" content=\"FlModafinil, 99% czysto\u015bci! 1000mg czyli 1gram czystego Flmodafinilu. Forma: Czysty bia\u0142y puder o charakterystycznym zapachu Flmodafinilu. &nbsp; Numer CAS: 90280-13-0 Nazwa IUPAC: (2-amino-2-oksoetylo)[bis(4-fluorofenylo)metylo]sulfoniolan Numer identyfikacyjny PubChem: 13271852 ChemSpider: 26386803 &nbsp; FlModafinil najwy\u017cszej czysto\u015bci\u00a0 przekraczaj\u0105cej 99% wagi netto produktu. \u015arodek przebadany fizykochemiczne za pomoc\u0105 chromatografi i spektografii. Bez \u017cadnych substancji wype\u0142niaj\u0105cych. Najwy\u017cszej jako\u015bci chemia do bada\u0144 ... Read more\" \/>\n<meta property=\"og:url\" content=\"https:\/\/antyrad.pl\/en\/sklep\/flmodafinil\/\" \/>\n<meta property=\"og:site_name\" content=\"NONSENSIA, Laboratorium.\" \/>\n<meta property=\"article:modified_time\" content=\"2022-09-24T12:57:20+00:00\" \/>\n<meta property=\"og:image\" content=\"https:\/\/antyrad.pl\/wp-content\/uploads\/2022\/09\/flmodafinil.jpg\" \/>\n\t<meta property=\"og:image:width\" content=\"316\" \/>\n\t<meta property=\"og:image:height\" content=\"339\" \/>\n\t<meta property=\"og:image:type\" content=\"image\/jpeg\" \/>\n<meta name=\"twitter:card\" content=\"summary_large_image\" \/>\n<meta name=\"twitter:label1\" content=\"Est. reading time\" \/>\n\t<meta name=\"twitter:data1\" content=\"1 minute\" \/>\n<script type=\"application\/ld+json\" class=\"yoast-schema-graph\">{\"@context\":\"https:\/\/schema.org\",\"@graph\":[{\"@type\":\"WebPage\",\"@id\":\"https:\/\/antyrad.pl\/en\/sklep\/flmodafinil\/\",\"url\":\"https:\/\/antyrad.pl\/en\/sklep\/flmodafinil\/\",\"name\":\"FL-MODAFINIL, 99% Czysto\u015bci, 1000MG OR 1GRAM - NONSENSIA, Laboratorium.\",\"isPartOf\":{\"@id\":\"https:\/\/antyrad.pl\/#website\"},\"datePublished\":\"2022-09-04T05:29:02+00:00\",\"dateModified\":\"2022-09-24T12:57:20+00:00\",\"breadcrumb\":{\"@id\":\"https:\/\/antyrad.pl\/en\/sklep\/flmodafinil\/#breadcrumb\"},\"inLanguage\":\"en-US\",\"potentialAction\":[{\"@type\":\"ReadAction\",\"target\":[\"https:\/\/antyrad.pl\/en\/sklep\/flmodafinil\/\"]}]},{\"@type\":\"BreadcrumbList\",\"@id\":\"https:\/\/antyrad.pl\/en\/sklep\/flmodafinil\/#breadcrumb\",\"itemListElement\":[{\"@type\":\"ListItem\",\"position\":1,\"name\":\"Home\",\"item\":\"https:\/\/antyrad.pl\/en\/shop-2\/\"},{\"@type\":\"ListItem\",\"position\":2,\"name\":\"Shop\",\"item\":\"https:\/\/antyrad.pl\/shop-2\/\"},{\"@type\":\"ListItem\",\"position\":3,\"name\":\"FL-MODAFINIL, 99% Czysto\u015bci, 1000MG OR 1GRAM\"}]},{\"@type\":\"WebSite\",\"@id\":\"https:\/\/antyrad.pl\/#website\",\"url\":\"https:\/\/antyrad.pl\/\",\"name\":\"NONSENSIA, Laboratorium.\",\"description\":\"Modafinil, Phenylpiracetam, Bromantane NOOTROPIKI!\",\"publisher\":{\"@id\":\"https:\/\/antyrad.pl\/#organization\"},\"potentialAction\":[{\"@type\":\"SearchAction\",\"target\":{\"@type\":\"EntryPoint\",\"urlTemplate\":\"https:\/\/antyrad.pl\/?s={search_term_string}\"},\"query-input\":\"required name=search_term_string\"}],\"inLanguage\":\"en-US\"},{\"@type\":\"Organization\",\"@id\":\"https:\/\/antyrad.pl\/#organization\",\"name\":\"LAB\",\"url\":\"https:\/\/antyrad.pl\/\",\"logo\":{\"@type\":\"ImageObject\",\"inLanguage\":\"en-US\",\"@id\":\"https:\/\/antyrad.pl\/#\/schema\/logo\/image\/\",\"url\":\"https:\/\/antyrad.pl\/wp-content\/uploads\/2022\/10\/cropped-Nonsensia-2-1.png\",\"contentUrl\":\"https:\/\/antyrad.pl\/wp-content\/uploads\/2022\/10\/cropped-Nonsensia-2-1.png\",\"width\":712,\"height\":657,\"caption\":\"LAB\"},\"image\":{\"@id\":\"https:\/\/antyrad.pl\/#\/schema\/logo\/image\/\"}}]}<\/script>\n<!-- \/ Yoast SEO plugin. -->","yoast_head_json":{"title":"FL-MODAFINIL, 99% Czysto\u015bci, 1000MG OR 1GRAM - NONSENSIA, Laboratorium.","robots":{"index":"index","follow":"follow","max-snippet":"max-snippet:-1","max-image-preview":"max-image-preview:large","max-video-preview":"max-video-preview:-1"},"canonical":"https:\/\/antyrad.pl\/en\/sklep\/flmodafinil\/","og_locale":"en_US","og_type":"article","og_title":"FL-MODAFINIL, 99% Czysto\u015bci, 1000MG OR 1GRAM - NONSENSIA, Laboratorium.","og_description":"FlModafinil, 99% czysto\u015bci! 1000mg czyli 1gram czystego Flmodafinilu. Forma: Czysty bia\u0142y puder o charakterystycznym zapachu Flmodafinilu. &nbsp; Numer CAS: 90280-13-0 Nazwa IUPAC: (2-amino-2-oksoetylo)[bis(4-fluorofenylo)metylo]sulfoniolan Numer identyfikacyjny PubChem: 13271852 ChemSpider: 26386803 &nbsp; FlModafinil najwy\u017cszej czysto\u015bci\u00a0 przekraczaj\u0105cej 99% wagi netto produktu. \u015arodek przebadany fizykochemiczne za pomoc\u0105 chromatografi i spektografii. Bez \u017cadnych substancji wype\u0142niaj\u0105cych. Najwy\u017cszej jako\u015bci chemia do bada\u0144 ... Read more","og_url":"https:\/\/antyrad.pl\/en\/sklep\/flmodafinil\/","og_site_name":"NONSENSIA, Laboratorium.","article_modified_time":"2022-09-24T12:57:20+00:00","og_image":[{"width":316,"height":339,"url":"https:\/\/antyrad.pl\/wp-content\/uploads\/2022\/09\/flmodafinil.jpg","type":"image\/jpeg"}],"twitter_card":"summary_large_image","twitter_misc":{"Est. reading time":"1 minute"},"schema":{"@context":"https:\/\/schema.org","@graph":[{"@type":"WebPage","@id":"https:\/\/antyrad.pl\/en\/sklep\/flmodafinil\/","url":"https:\/\/antyrad.pl\/en\/sklep\/flmodafinil\/","name":"FL-MODAFINIL, 99% Czysto\u015bci, 1000MG OR 1GRAM - NONSENSIA, Laboratorium.","isPartOf":{"@id":"https:\/\/antyrad.pl\/#website"},"datePublished":"2022-09-04T05:29:02+00:00","dateModified":"2022-09-24T12:57:20+00:00","breadcrumb":{"@id":"https:\/\/antyrad.pl\/en\/sklep\/flmodafinil\/#breadcrumb"},"inLanguage":"en-US","potentialAction":[{"@type":"ReadAction","target":["https:\/\/antyrad.pl\/en\/sklep\/flmodafinil\/"]}]},{"@type":"BreadcrumbList","@id":"https:\/\/antyrad.pl\/en\/sklep\/flmodafinil\/#breadcrumb","itemListElement":[{"@type":"ListItem","position":1,"name":"Home","item":"https:\/\/antyrad.pl\/en\/shop-2\/"},{"@type":"ListItem","position":2,"name":"Shop","item":"https:\/\/antyrad.pl\/shop-2\/"},{"@type":"ListItem","position":3,"name":"FL-MODAFINIL, 99% Czysto\u015bci, 1000MG OR 1GRAM"}]},{"@type":"WebSite","@id":"https:\/\/antyrad.pl\/#website","url":"https:\/\/antyrad.pl\/","name":"NONSENSIA, Laboratorium.","description":"Modafinil, Phenylpiracetam, Bromantane NOOTROPIKI!","publisher":{"@id":"https:\/\/antyrad.pl\/#organization"},"potentialAction":[{"@type":"SearchAction","target":{"@type":"EntryPoint","urlTemplate":"https:\/\/antyrad.pl\/?s={search_term_string}"},"query-input":"required name=search_term_string"}],"inLanguage":"en-US"},{"@type":"Organization","@id":"https:\/\/antyrad.pl\/#organization","name":"LAB","url":"https:\/\/antyrad.pl\/","logo":{"@type":"ImageObject","inLanguage":"en-US","@id":"https:\/\/antyrad.pl\/#\/schema\/logo\/image\/","url":"https:\/\/antyrad.pl\/wp-content\/uploads\/2022\/10\/cropped-Nonsensia-2-1.png","contentUrl":"https:\/\/antyrad.pl\/wp-content\/uploads\/2022\/10\/cropped-Nonsensia-2-1.png","width":712,"height":657,"caption":"LAB"},"image":{"@id":"https:\/\/antyrad.pl\/#\/schema\/logo\/image\/"}}]}},"_links":{"self":[{"href":"https:\/\/antyrad.pl\/en\/wp-json\/wp\/v2\/product\/22"}],"collection":[{"href":"https:\/\/antyrad.pl\/en\/wp-json\/wp\/v2\/product"}],"about":[{"href":"https:\/\/antyrad.pl\/en\/wp-json\/wp\/v2\/types\/product"}],"replies":[{"embeddable":true,"href":"https:\/\/antyrad.pl\/en\/wp-json\/wp\/v2\/comments?post=22"}],"wp:featuredmedia":[{"embeddable":true,"href":"https:\/\/antyrad.pl\/en\/wp-json\/wp\/v2\/media\/120"}],"wp:attachment":[{"href":"https:\/\/antyrad.pl\/en\/wp-json\/wp\/v2\/media?parent=22"}],"wp:term":[{"taxonomy":"product_cat","embeddable":true,"href":"https:\/\/antyrad.pl\/en\/wp-json\/wp\/v2\/product_cat?post=22"},{"taxonomy":"product_tag","embeddable":true,"href":"https:\/\/antyrad.pl\/en\/wp-json\/wp\/v2\/product_tag?post=22"}],"curies":[{"name":"wp","href":"https:\/\/api.w.org\/{rel}","templated":true}]}}