{"id":28,"date":"2022-09-04T05:36:03","date_gmt":"2022-09-04T05:36:03","guid":{"rendered":"https:\/\/antyrad.pl\/?post_type=product&#038;p=28"},"modified":"2022-10-19T10:07:09","modified_gmt":"2022-10-19T10:07:09","slug":"modafinil","status":"publish","type":"product","link":"https:\/\/antyrad.pl\/en\/sklep\/modafinil\/","title":{"rendered":"Modafinil, czysta substancja chemiczna 99%, 1000mg!"},"content":{"rendered":"<h1>Modafinil. Czysta substancja o zawarto\u015bci netto Modafinilu przekraczaj\u0105cej 99%.<\/h1>\n<h1>1000mg czyli 1 gram czystego modafinilu. Bez \u017cadnych wype\u0142niaczy. Produkt ca\u0142kowicie syntetyczny wyprodukowany w polskim labolatorium.<\/h1>\n<ul>\n<li>CAS No.: 68693-11-8<\/li>\n<li>Forma: Czysty bia\u0142y krystaliczny puder.<\/li>\n<li>Produkt syntetyczny wyprodukowany w polskim labolatorium.<\/li>\n<li>Produkt przetestowany fizykochemicznie oraz pod kontem obecno\u015bci metali ci\u0119\u017ckich.<\/li>\n<li>Na \u017cyczenie do\u0142\u0105czamy kart\u0119 charakterystyki MDS.<\/li>\n<li>Przeznaczenie: Badania labolatoryjne. Nie do spo\u017cycia.<\/li>\n<li>Pakowanie: Aluminiowa saszetka zamykana strunowo.<\/li>\n<\/ul>\n<h4>Modafinil to substancja kt\u00f3r\u0105 mo\u017cemy znale\u017a\u0107 w szeregu produkt\u00f3w farmaceutycznych:<\/h4>\n<h4>Mindfinil, Alertec, Alertex, Altasomil, Aspendos, Forcilin, Intensit, Mentix, Modafinil, Modafinilo, Modalert, Modanil, Modasomil, Modvigil, Modiodal, Modiwake, Movigil, Provigil, Resotyl, Stavigile, Vigia, Vigicer, Vigil, Vigimax, Wakelert and Zalux.<\/h4>\n<p>Modafinil nale\u017cy po kofeinie do najlepiej przebadanych substancji stymuluj\u0105cych o\u015brodkowy uk\u0142ad nerwowy. Wi\u0119cej szczeg\u00f3\u0142owych informacji na temat Modafinilu uzyskasz z obszernego opracowania:<\/p>\n<ul>\n<li><a href=\"https:\/\/antyrad.pl\/modafinil\/\">Modafinil<\/a> &#8211; Szczeg\u00f3\u0142owy opis.<\/li>\n<li><a href=\"https:\/\/antyrad.pl\/modafinil-dzialanie-dawkowanie-opinie\/\">Modafinil<\/a> dzia\u0142anie i dawkowanie &#8211; Podsumowanie informacji.<\/li>\n<li><a href=\"https:\/\/antyrad.pl\/flmodafinil-dzialanie-i-dawkowanie\/\">FlModafinil<\/a> &#8211; Analog Modafinilu.<\/li>\n<li>Hydrafinil &#8211; Znany tak\u017ce jako Fluorenol.<\/li>\n<li>Armodafinil &#8211; Sprzedawany pod mark\u0105 Nuvigil.<\/li>\n<\/ul>\n<p>Zapytaj nas o pe\u0142n\u0105 list\u0119 Nootropik\u00f3w w naszej ofercie!<\/p>\n","protected":false},"excerpt":{"rendered":"<p>Modafinil. Czysta substancja o zawarto\u015bci netto Modafinilu przekraczaj\u0105cej 99%. 1000mg czyli 1 gram czystego modafinilu. Bez \u017cadnych wype\u0142niaczy. Produkt ca\u0142kowicie syntetyczny wyprodukowany w polskim labolatorium. CAS No.: 68693-11-8 Forma: Czysty bia\u0142y krystaliczny puder. Produkt syntetyczny wyprodukowany w polskim labolatorium. Produkt przetestowany fizykochemicznie oraz pod kontem obecno\u015bci metali ci\u0119\u017ckich. Na \u017cyczenie do\u0142\u0105czamy kart\u0119 charakterystyki MDS. Przeznaczenie: &#8230; <a title=\"Modafinil, czysta substancja chemiczna 99%, 1000mg!\" class=\"read-more\" href=\"https:\/\/antyrad.pl\/en\/sklep\/modafinil\/\" aria-label=\"More on Modafinil, czysta substancja chemiczna 99%, 1000mg!\">Read more<\/a><\/p>\n","protected":false},"featured_media":118,"comment_status":"closed","ping_status":"closed","template":"","meta":[],"product_cat":[15],"product_tag":[88,87,89,19,90],"yoast_head":"<!-- This site is optimized with the Yoast SEO plugin v19.9 - https:\/\/yoast.com\/wordpress\/plugins\/seo\/ -->\n<title>Kup Modafinil. ONLINE! - modafinil.pl<\/title>\n<meta name=\"description\" content=\"Modafinil to niekwestionowany kr\u00f3l lek\u00f3w Nootropowych. Modafinil zyska\u0142 miano smart-drug! Na podium jest jeszcze miejsce na Phenylpiracetamu oraz PRL-8-53.\" \/>\n<meta name=\"robots\" content=\"index, follow, max-snippet:-1, max-image-preview:large, max-video-preview:-1\" \/>\n<link rel=\"canonical\" href=\"https:\/\/antyrad.pl\/en\/sklep\/modafinil\/\" \/>\n<meta property=\"og:locale\" content=\"en_US\" \/>\n<meta property=\"og:type\" content=\"article\" \/>\n<meta property=\"og:title\" content=\"Kup Modafinil. ONLINE! - modafinil.pl\" \/>\n<meta property=\"og:description\" content=\"Modafinil to niekwestionowany kr\u00f3l lek\u00f3w Nootropowych. Modafinil zyska\u0142 miano smart-drug! Na podium jest jeszcze miejsce na Phenylpiracetamu oraz PRL-8-53.\" \/>\n<meta property=\"og:url\" content=\"https:\/\/antyrad.pl\/en\/sklep\/modafinil\/\" \/>\n<meta property=\"og:site_name\" content=\"NONSENSIA, Laboratorium.\" \/>\n<meta property=\"article:modified_time\" content=\"2022-10-19T10:07:09+00:00\" \/>\n<meta property=\"og:image\" content=\"https:\/\/antyrad.pl\/wp-content\/uploads\/2022\/09\/Modafinil_Cas_No-1.jpg\" \/>\n\t<meta property=\"og:image:width\" content=\"270\" \/>\n\t<meta property=\"og:image:height\" content=\"289\" \/>\n\t<meta property=\"og:image:type\" content=\"image\/jpeg\" \/>\n<meta name=\"twitter:card\" content=\"summary_large_image\" \/>\n<meta name=\"twitter:label1\" content=\"Est. reading time\" \/>\n\t<meta name=\"twitter:data1\" content=\"1 minute\" \/>\n<script type=\"application\/ld+json\" class=\"yoast-schema-graph\">{\"@context\":\"https:\/\/schema.org\",\"@graph\":[{\"@type\":\"WebPage\",\"@id\":\"https:\/\/antyrad.pl\/en\/sklep\/modafinil\/\",\"url\":\"https:\/\/antyrad.pl\/en\/sklep\/modafinil\/\",\"name\":\"Kup Modafinil. ONLINE! - modafinil.pl\",\"isPartOf\":{\"@id\":\"https:\/\/antyrad.pl\/#website\"},\"datePublished\":\"2022-09-04T05:36:03+00:00\",\"dateModified\":\"2022-10-19T10:07:09+00:00\",\"description\":\"Modafinil to niekwestionowany kr\u00f3l lek\u00f3w Nootropowych. Modafinil zyska\u0142 miano smart-drug! Na podium jest jeszcze miejsce na Phenylpiracetamu oraz PRL-8-53.\",\"breadcrumb\":{\"@id\":\"https:\/\/antyrad.pl\/en\/sklep\/modafinil\/#breadcrumb\"},\"inLanguage\":\"en-US\",\"potentialAction\":[{\"@type\":\"ReadAction\",\"target\":[\"https:\/\/antyrad.pl\/en\/sklep\/modafinil\/\"]}]},{\"@type\":\"BreadcrumbList\",\"@id\":\"https:\/\/antyrad.pl\/en\/sklep\/modafinil\/#breadcrumb\",\"itemListElement\":[{\"@type\":\"ListItem\",\"position\":1,\"name\":\"Home\",\"item\":\"https:\/\/antyrad.pl\/en\/shop-2\/\"},{\"@type\":\"ListItem\",\"position\":2,\"name\":\"Shop\",\"item\":\"https:\/\/antyrad.pl\/shop-2\/\"},{\"@type\":\"ListItem\",\"position\":3,\"name\":\"Modafinil, czysta substancja chemiczna 99%, 1000mg!\"}]},{\"@type\":\"WebSite\",\"@id\":\"https:\/\/antyrad.pl\/#website\",\"url\":\"https:\/\/antyrad.pl\/\",\"name\":\"NONSENSIA, Laboratorium.\",\"description\":\"Modafinil, Phenylpiracetam, Bromantane NOOTROPIKI!\",\"publisher\":{\"@id\":\"https:\/\/antyrad.pl\/#organization\"},\"potentialAction\":[{\"@type\":\"SearchAction\",\"target\":{\"@type\":\"EntryPoint\",\"urlTemplate\":\"https:\/\/antyrad.pl\/?s={search_term_string}\"},\"query-input\":\"required name=search_term_string\"}],\"inLanguage\":\"en-US\"},{\"@type\":\"Organization\",\"@id\":\"https:\/\/antyrad.pl\/#organization\",\"name\":\"LAB\",\"url\":\"https:\/\/antyrad.pl\/\",\"logo\":{\"@type\":\"ImageObject\",\"inLanguage\":\"en-US\",\"@id\":\"https:\/\/antyrad.pl\/#\/schema\/logo\/image\/\",\"url\":\"https:\/\/antyrad.pl\/wp-content\/uploads\/2022\/10\/cropped-Nonsensia-2-1.png\",\"contentUrl\":\"https:\/\/antyrad.pl\/wp-content\/uploads\/2022\/10\/cropped-Nonsensia-2-1.png\",\"width\":712,\"height\":657,\"caption\":\"LAB\"},\"image\":{\"@id\":\"https:\/\/antyrad.pl\/#\/schema\/logo\/image\/\"}}]}<\/script>\n<!-- \/ Yoast SEO plugin. -->","yoast_head_json":{"title":"Kup Modafinil. ONLINE! - modafinil.pl","description":"Modafinil to niekwestionowany kr\u00f3l lek\u00f3w Nootropowych. Modafinil zyska\u0142 miano smart-drug! Na podium jest jeszcze miejsce na Phenylpiracetamu oraz PRL-8-53.","robots":{"index":"index","follow":"follow","max-snippet":"max-snippet:-1","max-image-preview":"max-image-preview:large","max-video-preview":"max-video-preview:-1"},"canonical":"https:\/\/antyrad.pl\/en\/sklep\/modafinil\/","og_locale":"en_US","og_type":"article","og_title":"Kup Modafinil. ONLINE! - modafinil.pl","og_description":"Modafinil to niekwestionowany kr\u00f3l lek\u00f3w Nootropowych. Modafinil zyska\u0142 miano smart-drug! Na podium jest jeszcze miejsce na Phenylpiracetamu oraz PRL-8-53.","og_url":"https:\/\/antyrad.pl\/en\/sklep\/modafinil\/","og_site_name":"NONSENSIA, Laboratorium.","article_modified_time":"2022-10-19T10:07:09+00:00","og_image":[{"width":270,"height":289,"url":"https:\/\/antyrad.pl\/wp-content\/uploads\/2022\/09\/Modafinil_Cas_No-1.jpg","type":"image\/jpeg"}],"twitter_card":"summary_large_image","twitter_misc":{"Est. reading time":"1 minute"},"schema":{"@context":"https:\/\/schema.org","@graph":[{"@type":"WebPage","@id":"https:\/\/antyrad.pl\/en\/sklep\/modafinil\/","url":"https:\/\/antyrad.pl\/en\/sklep\/modafinil\/","name":"Kup Modafinil. ONLINE! - modafinil.pl","isPartOf":{"@id":"https:\/\/antyrad.pl\/#website"},"datePublished":"2022-09-04T05:36:03+00:00","dateModified":"2022-10-19T10:07:09+00:00","description":"Modafinil to niekwestionowany kr\u00f3l lek\u00f3w Nootropowych. Modafinil zyska\u0142 miano smart-drug! Na podium jest jeszcze miejsce na Phenylpiracetamu oraz PRL-8-53.","breadcrumb":{"@id":"https:\/\/antyrad.pl\/en\/sklep\/modafinil\/#breadcrumb"},"inLanguage":"en-US","potentialAction":[{"@type":"ReadAction","target":["https:\/\/antyrad.pl\/en\/sklep\/modafinil\/"]}]},{"@type":"BreadcrumbList","@id":"https:\/\/antyrad.pl\/en\/sklep\/modafinil\/#breadcrumb","itemListElement":[{"@type":"ListItem","position":1,"name":"Home","item":"https:\/\/antyrad.pl\/en\/shop-2\/"},{"@type":"ListItem","position":2,"name":"Shop","item":"https:\/\/antyrad.pl\/shop-2\/"},{"@type":"ListItem","position":3,"name":"Modafinil, czysta substancja chemiczna 99%, 1000mg!"}]},{"@type":"WebSite","@id":"https:\/\/antyrad.pl\/#website","url":"https:\/\/antyrad.pl\/","name":"NONSENSIA, Laboratorium.","description":"Modafinil, Phenylpiracetam, Bromantane NOOTROPIKI!","publisher":{"@id":"https:\/\/antyrad.pl\/#organization"},"potentialAction":[{"@type":"SearchAction","target":{"@type":"EntryPoint","urlTemplate":"https:\/\/antyrad.pl\/?s={search_term_string}"},"query-input":"required name=search_term_string"}],"inLanguage":"en-US"},{"@type":"Organization","@id":"https:\/\/antyrad.pl\/#organization","name":"LAB","url":"https:\/\/antyrad.pl\/","logo":{"@type":"ImageObject","inLanguage":"en-US","@id":"https:\/\/antyrad.pl\/#\/schema\/logo\/image\/","url":"https:\/\/antyrad.pl\/wp-content\/uploads\/2022\/10\/cropped-Nonsensia-2-1.png","contentUrl":"https:\/\/antyrad.pl\/wp-content\/uploads\/2022\/10\/cropped-Nonsensia-2-1.png","width":712,"height":657,"caption":"LAB"},"image":{"@id":"https:\/\/antyrad.pl\/#\/schema\/logo\/image\/"}}]}},"_links":{"self":[{"href":"https:\/\/antyrad.pl\/en\/wp-json\/wp\/v2\/product\/28"}],"collection":[{"href":"https:\/\/antyrad.pl\/en\/wp-json\/wp\/v2\/product"}],"about":[{"href":"https:\/\/antyrad.pl\/en\/wp-json\/wp\/v2\/types\/product"}],"replies":[{"embeddable":true,"href":"https:\/\/antyrad.pl\/en\/wp-json\/wp\/v2\/comments?post=28"}],"wp:featuredmedia":[{"embeddable":true,"href":"https:\/\/antyrad.pl\/en\/wp-json\/wp\/v2\/media\/118"}],"wp:attachment":[{"href":"https:\/\/antyrad.pl\/en\/wp-json\/wp\/v2\/media?parent=28"}],"wp:term":[{"taxonomy":"product_cat","embeddable":true,"href":"https:\/\/antyrad.pl\/en\/wp-json\/wp\/v2\/product_cat?post=28"},{"taxonomy":"product_tag","embeddable":true,"href":"https:\/\/antyrad.pl\/en\/wp-json\/wp\/v2\/product_tag?post=28"}],"curies":[{"name":"wp","href":"https:\/\/api.w.org\/{rel}","templated":true}]}}