{"id":329,"date":"2022-10-02T09:07:30","date_gmt":"2022-10-02T09:07:30","guid":{"rendered":"https:\/\/antyrad.pl\/?post_type=product&#038;p=329"},"modified":"2022-10-15T12:10:03","modified_gmt":"2022-10-15T12:10:03","slug":"prl-8-53","status":"publish","type":"product","link":"https:\/\/antyrad.pl\/en\/sklep\/prl-8-53\/","title":{"rendered":"PRL-8-53, 1000mg czystej substancji \u2265 99%."},"content":{"rendered":"<h1>PRL 8-53<\/h1>\n<ul>\n<li>\n<h2>Cas No. :51352-87-5<\/h2>\n<\/li>\n<li>\n<h2>Czysto\u015b\u0107 \u2265 99%<\/h2>\n<\/li>\n<li>\n<h2>Waga netto: 1000mg<\/h2>\n<\/li>\n<li>\n<h2>Molecular Formula: <span title=\"Carbon\">C<\/span><sub>18<\/sub><span title=\"Hydrogen\">H<\/span><sub>21<\/sub><span title=\"Nitrogen\">N<\/span><span title=\"Oxygen\">O<\/span><sub>2<\/sub><\/h2>\n<\/li>\n<li>\n<h2>Masa molekularna: <span class=\"nowrap\">283.371<\/span>\u00a0g\u00b7mol<sup>\u22121<\/sup><\/h2>\n<\/li>\n<\/ul>\n<p>&nbsp;<\/p>\n<h2>Co to jest PRL 8-53?<\/h2>\n<p>PRL 8-53 (3-[2-[benzylo(metylo)amino]etylo]benzoesan metylu) to pochodna kwasu benzoesowego oraz fenylometyloaminy. Inne nazwy tego zwi\u0105zku to AC1L22UR, CTK4J4081, LS-36115, chlorowodorek 3-(2-(benzylometyloamino)etylo)benzoesanu<br \/>\n3-(2-benzylometyloaminoetylo) kwasu benzoesowego oraz chlorowodorek estru<br \/>\nmetylowego 3-(2-(metylo(fenylometylo)amino)etylo)estru metylowego kwasu benzoesowego. Zwi\u0105zek zosta\u0142 wynaleziony w latach 70-tych XX wieku przez ameryka\u0144skiego naukowca.<\/p>\n<p>Zwi\u0105zek oddzia\u0142uje na uk\u0142ad dopaminergiczny oraz cholinergiczny. Wykazuje dzia\u0142anie nootropowe, czyli poprawia funkcje poznawcze, wzmacnia koncentracj\u0119 i pami\u0119\u0107. Wysokiej skuteczno\u015bci dzia\u0142ania towarzyszy brak wyst\u0119powania istotnych skutk\u00f3w ubocznych.<\/p>\n<h2>Zastosowanie PRL 8-53<\/h2>\n<p>Preparat mo\u017ce znale\u017a\u0107 zastosowanie u os\u00f3b, potrzebuj\u0105 przyswoi\u0107 znaczne ilo\u015bci informacji, a pojawia si\u0119 u nich problem z zapami\u0119tywaniem. W konsekwencji pozwala to na popraw\u0119 pami\u0119ci kr\u00f3tkotrwa\u0142ej oraz pami\u0119ci roboczej. Ta druga odpowiada za sprawne przechowywanie i przetwarzanie informacji oraz trafne rozumowanie. W podobny spos\u00f3b dzia\u0142a m. in.\u00a0<a href=\"https:\/\/antyrad.pl\/noopept-kiedy-stosowac-jak-dawkowac\/\">Noopept<\/a>.<\/p>\n<p>PRL 8-53 mo\u017ce poprawia\u0107<a href=\"https:\/\/europepmc.org\/article\/MED\/418433\"><u>\u00a0funkcje poznawcze<\/u><\/a>, co wykazano w badaniu przeprowadzonym na ludziach. Ochotnik\u00f3w podzielono na grup\u0119 stosuj\u0105c\u0105 nootropik oraz grup\u0119 kontroln\u0105. Ochotnikom polecono zapami\u0119ta\u0107 12 s\u0142\u00f3w, a taki test pami\u0119ci przeprowadzono trzykrotnie: bezpo\u015brednio po spo\u017cyciu preparatu, dzie\u0144 po suplementacji oraz cztery dni po suplementacji. Wyniki badania by\u0142y bardzo obiecuj\u0105ce \u2013 w grupie, kt\u00f3ra zastosowa\u0142a badany preparat nootropowy wykazano nawet podwojenie wyniku w te\u015bcie pami\u0119ciowym.<\/p>\n<p>Zwi\u0105zek nootropowy wykazuje korzystny wp\u0142yw na zwi\u0119kszenie motywacji. Sprzyja pojawieniu si\u0119 ch\u0119ci do dzia\u0142ania i redukuje zjawisko prokrastynacji, czyli odk\u0142adania obowi\u0105zk\u00f3w na p\u00f3\u017aniej.<\/p>\n<h2>Mechanizm dzia\u0142ania<\/h2>\n<p>Preparat oddzia\u0142uje na uk\u0142ad cholinergiczny, wchodz\u0105c w interakcje z receptorami dla acetylocholiny. Dlatego zwi\u0105zek usprawnia procesy przekazywania impuls\u00f3w nerwowych. Natomiast wp\u0142yw preparatu na uk\u0142ad dopaminergiczny sprowadza si\u0119 do na\u015bladowania dzia\u0142ania dopaminy. \u0141\u0105czy si\u0119 z receptorami dla dopaminy i pobudza ich aktywno\u015b\u0107.<\/p>\n<h2>Dawkowanie PRL 8-53<\/h2>\n<p>W oparciu o dane dostarczane w badaniach naukowych, zaleca si\u0119 stosowa\u0107 preparat w dawce 0,05-1,2 mg\/ kg masy cia\u0142a. Dlatego zazwyczaj preparat stosowany jest w dawce 5 mg dziennie. Co najwa\u017cniejsze \u2013 nie jest to preparat dedykowany codziennemu, regularnemu stosowaniu. Wskazane jest stosowanie okazyjne preparatu, np. 2 do 3 razy w tygodniu.<\/p>\n<p>W celu zwi\u0119kszenia wp\u0142ywu preparatu na koncentracj\u0119, warto za\u017cywa\u0107 go \u0142\u0105cznie z cholin\u0105. Po\u0142\u0105czenie z\u00a0<a href=\"https:\/\/antyrad.pl\/fosfatydyloseryna-naturalne-wspomaganie-dla-mozgu\/\">fosfatydyloseryn\u0105<\/a>\u00a0czy Ginkgo biloba nasila korzystny wp\u0142yw <a href=\"https:\/\/antyrad.pl\/prl-8-53-nootropik-zwiekszajacy-motywacje\/\">PRL 8-53<\/a> na pami\u0119\u0107. Natomiast \u0142\u0105czenie preparatu z kofein\u0105 pozwala na efektywne zwi\u0119kszenie poziomu energii.<\/p>\n<h3>Inne nazwy chemiczne:<\/h3>\n<ul role=\"list\">\n<li>\n<h5><b>M-(2-(BENZYLMETHYLAMINO)ETHYL)BENZOIC ACID METHYL ESTER<\/b><\/h5>\n<\/li>\n<li class=\"UniiDetails__StyledListItem-sc-muhpkr-0 erbJCs\" role=\"listitem\" aria-readonly=\"true\">\n<h5><b>BENZOIC ACID, 3-(2-(METHYL(PHENYLMETHYL)AMINO)ETHYL)-, METHYL ESTER<\/b><\/h5>\n<\/li>\n<li class=\"UniiDetails__StyledListItem-sc-muhpkr-0 erbJCs\" role=\"listitem\" aria-readonly=\"true\">\n<h5><b>PRL-8-53 FREE BASE<\/b><\/h5>\n<\/li>\n<\/ul>\n<p>&nbsp;<\/p>\n<p><strong>Referencje:<\/strong><\/p>\n<ol>\n<li>Hansl, N.R. A novel spasmolytic and CNS active agent 3-(2-benzylmethylamino ethyl) benzoic acid methyl ester hydrochloride.\u00a0Experientia\u00a030, 271\u2013272, 1974;\u00a0<a href=\"https:\/\/link.springer.com\/article\/10.1007\/BF01934822\" rel=\"nofollow\"><u>https:\/\/link.springer.com\/article\/10.1007\/BF01934822<\/u><\/a><\/li>\n<li>Hansl NR, Mead BT. PRL-8-53: enhanced learning and subsequent retention in humans as a result of low oral doses of new psychotropic agent. Psychopharmacology (Berl), 1978;\u00a0<a href=\"https:\/\/europepmc.org\/article\/MED\/418433\" rel=\"nofollow\"><u>https:\/\/europepmc.org\/article\/MED\/418433<\/u><\/a><\/li>\n<li>Hansl NR, Hansl AB\u00a0Learning and Memory Improvement through Chemistry: Dream or Reality in the Offing?\u00a0Phi Delta Kappan, 1979;<\/li>\n<\/ol>\n","protected":false},"excerpt":{"rendered":"<p>PRL-8-53 to absolutna czo\u0142\u00f3wka w\u015br\u00f3d nootrop\u00f3w! Jest to pozycja typu &#8220;MUST BE&#8221; w ka\u017cdym Stacku.<\/p>\n","protected":false},"featured_media":330,"comment_status":"closed","ping_status":"closed","template":"","meta":[],"product_cat":[15],"product_tag":[86,31,30,85],"yoast_head":"<!-- This site is optimized with the Yoast SEO plugin v19.9 - https:\/\/yoast.com\/wordpress\/plugins\/seo\/ -->\n<title>PRL-8-53, 1000mg czystej substancji \u2265 99%. - NONSENSIA, Laboratorium.<\/title>\n<meta name=\"description\" content=\"Prl-8-53 najbardziej skuteczny nootrop obecny na rynku. Jego profil dzia\u0142ania w poprawie funkcji kognitywnych stawia go w samej czo\u0142\u00f3wce Nootrop\u00f3w.\" \/>\n<meta name=\"robots\" content=\"index, follow, max-snippet:-1, max-image-preview:large, max-video-preview:-1\" \/>\n<link rel=\"canonical\" href=\"https:\/\/antyrad.pl\/en\/sklep\/prl-8-53\/\" \/>\n<meta property=\"og:locale\" content=\"en_US\" \/>\n<meta property=\"og:type\" content=\"article\" \/>\n<meta property=\"og:title\" content=\"PRL-8-53, 1000mg czystej substancji \u2265 99%. - NONSENSIA, Laboratorium.\" \/>\n<meta property=\"og:description\" content=\"Prl-8-53 najbardziej skuteczny nootrop obecny na rynku. Jego profil dzia\u0142ania w poprawie funkcji kognitywnych stawia go w samej czo\u0142\u00f3wce Nootrop\u00f3w.\" \/>\n<meta property=\"og:url\" content=\"https:\/\/antyrad.pl\/en\/sklep\/prl-8-53\/\" \/>\n<meta property=\"og:site_name\" content=\"NONSENSIA, Laboratorium.\" \/>\n<meta property=\"article:modified_time\" content=\"2022-10-15T12:10:03+00:00\" \/>\n<meta property=\"og:image\" content=\"https:\/\/antyrad.pl\/wp-content\/uploads\/2022\/10\/PRL-8-53_kup_online_czysta_substancja_PRL_nootropic-1019x1024.png\" \/>\n\t<meta property=\"og:image:width\" content=\"1019\" \/>\n\t<meta property=\"og:image:height\" content=\"1024\" \/>\n\t<meta property=\"og:image:type\" content=\"image\/png\" \/>\n<meta name=\"twitter:card\" content=\"summary_large_image\" \/>\n<meta name=\"twitter:label1\" content=\"Est. reading time\" \/>\n\t<meta name=\"twitter:data1\" content=\"3 minutes\" \/>\n<script type=\"application\/ld+json\" class=\"yoast-schema-graph\">{\"@context\":\"https:\/\/schema.org\",\"@graph\":[{\"@type\":\"WebPage\",\"@id\":\"https:\/\/antyrad.pl\/en\/sklep\/prl-8-53\/\",\"url\":\"https:\/\/antyrad.pl\/en\/sklep\/prl-8-53\/\",\"name\":\"PRL-8-53, 1000mg czystej substancji \u2265 99%. - NONSENSIA, Laboratorium.\",\"isPartOf\":{\"@id\":\"https:\/\/antyrad.pl\/#website\"},\"datePublished\":\"2022-10-02T09:07:30+00:00\",\"dateModified\":\"2022-10-15T12:10:03+00:00\",\"description\":\"Prl-8-53 najbardziej skuteczny nootrop obecny na rynku. Jego profil dzia\u0142ania w poprawie funkcji kognitywnych stawia go w samej czo\u0142\u00f3wce Nootrop\u00f3w.\",\"breadcrumb\":{\"@id\":\"https:\/\/antyrad.pl\/en\/sklep\/prl-8-53\/#breadcrumb\"},\"inLanguage\":\"en-US\",\"potentialAction\":[{\"@type\":\"ReadAction\",\"target\":[\"https:\/\/antyrad.pl\/en\/sklep\/prl-8-53\/\"]}]},{\"@type\":\"BreadcrumbList\",\"@id\":\"https:\/\/antyrad.pl\/en\/sklep\/prl-8-53\/#breadcrumb\",\"itemListElement\":[{\"@type\":\"ListItem\",\"position\":1,\"name\":\"Home\",\"item\":\"https:\/\/antyrad.pl\/en\/shop-2\/\"},{\"@type\":\"ListItem\",\"position\":2,\"name\":\"Shop\",\"item\":\"https:\/\/antyrad.pl\/shop-2\/\"},{\"@type\":\"ListItem\",\"position\":3,\"name\":\"PRL-8-53, 1000mg czystej substancji \u2265 99%.\"}]},{\"@type\":\"WebSite\",\"@id\":\"https:\/\/antyrad.pl\/#website\",\"url\":\"https:\/\/antyrad.pl\/\",\"name\":\"NONSENSIA, Laboratorium.\",\"description\":\"Modafinil, Phenylpiracetam, Bromantane NOOTROPIKI!\",\"publisher\":{\"@id\":\"https:\/\/antyrad.pl\/#organization\"},\"potentialAction\":[{\"@type\":\"SearchAction\",\"target\":{\"@type\":\"EntryPoint\",\"urlTemplate\":\"https:\/\/antyrad.pl\/?s={search_term_string}\"},\"query-input\":\"required name=search_term_string\"}],\"inLanguage\":\"en-US\"},{\"@type\":\"Organization\",\"@id\":\"https:\/\/antyrad.pl\/#organization\",\"name\":\"LAB\",\"url\":\"https:\/\/antyrad.pl\/\",\"logo\":{\"@type\":\"ImageObject\",\"inLanguage\":\"en-US\",\"@id\":\"https:\/\/antyrad.pl\/#\/schema\/logo\/image\/\",\"url\":\"https:\/\/antyrad.pl\/wp-content\/uploads\/2022\/10\/cropped-Nonsensia-2-1.png\",\"contentUrl\":\"https:\/\/antyrad.pl\/wp-content\/uploads\/2022\/10\/cropped-Nonsensia-2-1.png\",\"width\":712,\"height\":657,\"caption\":\"LAB\"},\"image\":{\"@id\":\"https:\/\/antyrad.pl\/#\/schema\/logo\/image\/\"}}]}<\/script>\n<!-- \/ Yoast SEO plugin. -->","yoast_head_json":{"title":"PRL-8-53, 1000mg czystej substancji \u2265 99%. - NONSENSIA, Laboratorium.","description":"Prl-8-53 najbardziej skuteczny nootrop obecny na rynku. Jego profil dzia\u0142ania w poprawie funkcji kognitywnych stawia go w samej czo\u0142\u00f3wce Nootrop\u00f3w.","robots":{"index":"index","follow":"follow","max-snippet":"max-snippet:-1","max-image-preview":"max-image-preview:large","max-video-preview":"max-video-preview:-1"},"canonical":"https:\/\/antyrad.pl\/en\/sklep\/prl-8-53\/","og_locale":"en_US","og_type":"article","og_title":"PRL-8-53, 1000mg czystej substancji \u2265 99%. - NONSENSIA, Laboratorium.","og_description":"Prl-8-53 najbardziej skuteczny nootrop obecny na rynku. Jego profil dzia\u0142ania w poprawie funkcji kognitywnych stawia go w samej czo\u0142\u00f3wce Nootrop\u00f3w.","og_url":"https:\/\/antyrad.pl\/en\/sklep\/prl-8-53\/","og_site_name":"NONSENSIA, Laboratorium.","article_modified_time":"2022-10-15T12:10:03+00:00","og_image":[{"width":1019,"height":1024,"url":"https:\/\/antyrad.pl\/wp-content\/uploads\/2022\/10\/PRL-8-53_kup_online_czysta_substancja_PRL_nootropic-1019x1024.png","type":"image\/png"}],"twitter_card":"summary_large_image","twitter_misc":{"Est. reading time":"3 minutes"},"schema":{"@context":"https:\/\/schema.org","@graph":[{"@type":"WebPage","@id":"https:\/\/antyrad.pl\/en\/sklep\/prl-8-53\/","url":"https:\/\/antyrad.pl\/en\/sklep\/prl-8-53\/","name":"PRL-8-53, 1000mg czystej substancji \u2265 99%. - NONSENSIA, Laboratorium.","isPartOf":{"@id":"https:\/\/antyrad.pl\/#website"},"datePublished":"2022-10-02T09:07:30+00:00","dateModified":"2022-10-15T12:10:03+00:00","description":"Prl-8-53 najbardziej skuteczny nootrop obecny na rynku. Jego profil dzia\u0142ania w poprawie funkcji kognitywnych stawia go w samej czo\u0142\u00f3wce Nootrop\u00f3w.","breadcrumb":{"@id":"https:\/\/antyrad.pl\/en\/sklep\/prl-8-53\/#breadcrumb"},"inLanguage":"en-US","potentialAction":[{"@type":"ReadAction","target":["https:\/\/antyrad.pl\/en\/sklep\/prl-8-53\/"]}]},{"@type":"BreadcrumbList","@id":"https:\/\/antyrad.pl\/en\/sklep\/prl-8-53\/#breadcrumb","itemListElement":[{"@type":"ListItem","position":1,"name":"Home","item":"https:\/\/antyrad.pl\/en\/shop-2\/"},{"@type":"ListItem","position":2,"name":"Shop","item":"https:\/\/antyrad.pl\/shop-2\/"},{"@type":"ListItem","position":3,"name":"PRL-8-53, 1000mg czystej substancji \u2265 99%."}]},{"@type":"WebSite","@id":"https:\/\/antyrad.pl\/#website","url":"https:\/\/antyrad.pl\/","name":"NONSENSIA, Laboratorium.","description":"Modafinil, Phenylpiracetam, Bromantane NOOTROPIKI!","publisher":{"@id":"https:\/\/antyrad.pl\/#organization"},"potentialAction":[{"@type":"SearchAction","target":{"@type":"EntryPoint","urlTemplate":"https:\/\/antyrad.pl\/?s={search_term_string}"},"query-input":"required name=search_term_string"}],"inLanguage":"en-US"},{"@type":"Organization","@id":"https:\/\/antyrad.pl\/#organization","name":"LAB","url":"https:\/\/antyrad.pl\/","logo":{"@type":"ImageObject","inLanguage":"en-US","@id":"https:\/\/antyrad.pl\/#\/schema\/logo\/image\/","url":"https:\/\/antyrad.pl\/wp-content\/uploads\/2022\/10\/cropped-Nonsensia-2-1.png","contentUrl":"https:\/\/antyrad.pl\/wp-content\/uploads\/2022\/10\/cropped-Nonsensia-2-1.png","width":712,"height":657,"caption":"LAB"},"image":{"@id":"https:\/\/antyrad.pl\/#\/schema\/logo\/image\/"}}]}},"_links":{"self":[{"href":"https:\/\/antyrad.pl\/en\/wp-json\/wp\/v2\/product\/329"}],"collection":[{"href":"https:\/\/antyrad.pl\/en\/wp-json\/wp\/v2\/product"}],"about":[{"href":"https:\/\/antyrad.pl\/en\/wp-json\/wp\/v2\/types\/product"}],"replies":[{"embeddable":true,"href":"https:\/\/antyrad.pl\/en\/wp-json\/wp\/v2\/comments?post=329"}],"wp:featuredmedia":[{"embeddable":true,"href":"https:\/\/antyrad.pl\/en\/wp-json\/wp\/v2\/media\/330"}],"wp:attachment":[{"href":"https:\/\/antyrad.pl\/en\/wp-json\/wp\/v2\/media?parent=329"}],"wp:term":[{"taxonomy":"product_cat","embeddable":true,"href":"https:\/\/antyrad.pl\/en\/wp-json\/wp\/v2\/product_cat?post=329"},{"taxonomy":"product_tag","embeddable":true,"href":"https:\/\/antyrad.pl\/en\/wp-json\/wp\/v2\/product_tag?post=329"}],"curies":[{"name":"wp","href":"https:\/\/api.w.org\/{rel}","templated":true}]}}