{"id":337,"date":"2022-10-03T12:54:40","date_gmt":"2022-10-03T12:54:40","guid":{"rendered":"https:\/\/antyrad.pl\/?post_type=product&#038;p=337"},"modified":"2022-10-09T11:18:58","modified_gmt":"2022-10-09T11:18:58","slug":"coluracetam","status":"publish","type":"product","link":"https:\/\/antyrad.pl\/en\/sklep\/coluracetam\/","title":{"rendered":"Coluracetam, czysto\u015b\u0107 substancji \u2265 99%, 1000mg"},"content":{"rendered":"<h1>Coluracetam 1000 mg<\/h1>\n<ul>\n<li>\n<h5>Czysto\u015b\u0107 \u2265 99%<\/h5>\n<\/li>\n<li>\n<h5>Waga netto: 1 gram<\/h5>\n<\/li>\n<li>\n<h5>Numer CAS : 135463-81-9<\/h5>\n<\/li>\n<li>\n<h5>Wz\u00f3r cz\u0105steczkowy: C19H23N3O3<\/h5>\n<\/li>\n<li>\n<h5>Masa cz\u0105steczkowa: 341,411 g\u00b7mol-1<\/h5>\n<\/li>\n<li>\n<h5>Forma: Proszek<\/h5>\n<\/li>\n<\/ul>\n<h5>Opis z Angielskiej Wikipedii:<\/h5>\n<h6>Coluracetam (INN; kod rozwojowy BCI-540; dawniej MKC-231) jest rzekomo nootropowym \u015brodkiem z rodziny racetam\u00f3w.[1] Zawiera grup\u0119 chemiczn\u0105, kt\u00f3ra jest bioizosterem z rodziny 9-amino-tetrahydroakrydyny. Zosta\u0142 pierwotnie opracowany i przetestowany przez Mitsubishi Tanabe Pharma Corporation pod k\u0105tem choroby Alzheimera. Po tym, jak lek nie osi\u0105gn\u0105\u0142 punkt\u00f3w ko\u0144cowych w swoich badaniach klinicznych, zosta\u0142 licencjonowany przez BrainCells Inc do bada\u0144 nad ci\u0119\u017ckimi zaburzeniami depresyjnymi (MDD), kt\u00f3re zosta\u0142y poprzedzone przyznaniem przez stan Kalifornia \u201eQualifying Therapeutic Discovery Program Grant\u201d. 2] Wyniki bada\u0144 klinicznych fazy IIa sugeruj\u0105, \u017ce by\u0142by to potencjalny lek na wsp\u00f3\u0142istniej\u0105c\u0105 MDD z uog\u00f3lnionym zaburzeniem l\u0119kowym (GAD).[3] BrainCells Inc obecnie [kiedy?] wycofuje lek w tym celu.[4] [wymagane pe\u0142ne cytowanie] Mo\u017ce on r\u00f3wnie\u017c mie\u0107 potencjalne zastosowanie w zapobieganiu i leczeniu retinopatii niedokrwiennej oraz uszkodzenia nerwu siatk\u00f3wki i nerwu wzrokowego. [wymagane cytowanie medyczne]<\/h6>\n<h6>Wykazano, \u017ce <a href=\"https:\/\/antyrad.pl\/coluracetam-poprawia-prace-mozgu-lagodzi-stany-depresyjne\/\">Coluracetam<\/a> odwraca utrat\u0119 produkcji acetylotransferazy cholinowej w j\u0105drze przy\u015brodkowym przegrody \u015brodkowej szczur\u00f3w nara\u017conych na dzia\u0142anie fencyklidyny (PCP) i jest uwa\u017cany za potencjalny lek terapeutyczny na schizofreni\u0119.<\/h6>\n<h6>Coluracetam zwi\u0119ksza wychwyt choliny o wysokim powinowactwie (HACU), [6], kt\u00f3ry jest etapem ograniczaj\u0105cym szybko\u015b\u0107 syntezy acetylocholiny (ACh). Badania wykaza\u0142y, \u017ce coluracetam poprawia zaburzenia uczenia si\u0119 po podaniu pojedynczej dawki doustnej szczurom, kt\u00f3re by\u0142y nara\u017cone na neurotoksyny cholinergiczne. Kolejne badania wykaza\u0142y, \u017ce mo\u017ce on wywo\u0142ywa\u0107 d\u0142ugotrwa\u0142e efekty prokognitywne u szczur\u00f3w leczonych neurotoksyn\u0105 cholinergiczn\u0105 poprzez zmian\u0119 systemu regulacji transportera choliny.[7]Produkt wy\u0142\u0105cznie do cel\u00f3w laboratoryjnych. Nie do spo\u017cycia.<\/h6>\n<p>Dowiedz si\u0119 wi\u0119cej o Coulracetamie z artyku\u0142u w j\u0119zyku polskim:<\/p>\n<p>https:\/\/antyrad.pl\/coluracetam-poprawia-prace-mozgu-lagodzi-stany-depresyjne\/<\/p>\n<p>&nbsp;<\/p>\n","protected":false},"excerpt":{"rendered":"<p>Coluracetam czysta substancja chemiczna dost\u0119pna z rodziny racetam\u00f3w dost\u0119pna do kupienia online. Profil Coluracetamu to wysokie powinowactwo do Choliny.<\/p>\n","protected":false},"featured_media":338,"comment_status":"closed","ping_status":"closed","template":"","meta":[],"product_cat":[15],"product_tag":[37,39,97,40,36,38,41],"yoast_head":"<!-- This site is optimized with the Yoast SEO plugin v19.9 - https:\/\/yoast.com\/wordpress\/plugins\/seo\/ -->\n<title>Coluracetam, czysto\u015b\u0107 substancji \u2265 99%, 1000mg - NONSENSIA, Laboratorium.<\/title>\n<meta name=\"description\" content=\"Coluracetam czysta substancja chemiczna dost\u0119pna z rodziny racetam\u00f3w dost\u0119pna do kupienia online. Profil Coluracetamu to wysokie powinowactwo do Choliny.\" \/>\n<meta name=\"robots\" content=\"index, follow, max-snippet:-1, max-image-preview:large, max-video-preview:-1\" \/>\n<link rel=\"canonical\" href=\"https:\/\/antyrad.pl\/en\/sklep\/coluracetam\/\" \/>\n<meta property=\"og:locale\" content=\"en_US\" \/>\n<meta property=\"og:type\" content=\"article\" \/>\n<meta property=\"og:title\" content=\"Coluracetam, czysto\u015b\u0107 substancji \u2265 99%, 1000mg - NONSENSIA, Laboratorium.\" \/>\n<meta property=\"og:description\" content=\"Coluracetam czysta substancja chemiczna dost\u0119pna z rodziny racetam\u00f3w dost\u0119pna do kupienia online. Profil Coluracetamu to wysokie powinowactwo do Choliny.\" \/>\n<meta property=\"og:url\" content=\"https:\/\/antyrad.pl\/en\/sklep\/coluracetam\/\" \/>\n<meta property=\"og:site_name\" content=\"NONSENSIA, Laboratorium.\" \/>\n<meta property=\"article:modified_time\" content=\"2022-10-09T11:18:58+00:00\" \/>\n<meta property=\"og:image\" content=\"https:\/\/antyrad.pl\/wp-content\/uploads\/2022\/10\/Coluracetam_NONSENSIA-scaled.jpg\" \/>\n\t<meta property=\"og:image:width\" content=\"2211\" \/>\n\t<meta property=\"og:image:height\" content=\"2560\" \/>\n\t<meta property=\"og:image:type\" content=\"image\/jpeg\" \/>\n<meta name=\"twitter:card\" content=\"summary_large_image\" \/>\n<meta name=\"twitter:label1\" content=\"Est. reading time\" \/>\n\t<meta name=\"twitter:data1\" content=\"2 minutes\" \/>\n<script type=\"application\/ld+json\" class=\"yoast-schema-graph\">{\"@context\":\"https:\/\/schema.org\",\"@graph\":[{\"@type\":\"WebPage\",\"@id\":\"https:\/\/antyrad.pl\/en\/sklep\/coluracetam\/\",\"url\":\"https:\/\/antyrad.pl\/en\/sklep\/coluracetam\/\",\"name\":\"Coluracetam, czysto\u015b\u0107 substancji \u2265 99%, 1000mg - NONSENSIA, Laboratorium.\",\"isPartOf\":{\"@id\":\"https:\/\/antyrad.pl\/#website\"},\"datePublished\":\"2022-10-03T12:54:40+00:00\",\"dateModified\":\"2022-10-09T11:18:58+00:00\",\"description\":\"Coluracetam czysta substancja chemiczna dost\u0119pna z rodziny racetam\u00f3w dost\u0119pna do kupienia online. Profil Coluracetamu to wysokie powinowactwo do Choliny.\",\"breadcrumb\":{\"@id\":\"https:\/\/antyrad.pl\/en\/sklep\/coluracetam\/#breadcrumb\"},\"inLanguage\":\"en-US\",\"potentialAction\":[{\"@type\":\"ReadAction\",\"target\":[\"https:\/\/antyrad.pl\/en\/sklep\/coluracetam\/\"]}]},{\"@type\":\"BreadcrumbList\",\"@id\":\"https:\/\/antyrad.pl\/en\/sklep\/coluracetam\/#breadcrumb\",\"itemListElement\":[{\"@type\":\"ListItem\",\"position\":1,\"name\":\"Home\",\"item\":\"https:\/\/antyrad.pl\/en\/shop-2\/\"},{\"@type\":\"ListItem\",\"position\":2,\"name\":\"Shop\",\"item\":\"https:\/\/antyrad.pl\/shop-2\/\"},{\"@type\":\"ListItem\",\"position\":3,\"name\":\"Coluracetam, czysto\u015b\u0107 substancji \u2265 99%, 1000mg\"}]},{\"@type\":\"WebSite\",\"@id\":\"https:\/\/antyrad.pl\/#website\",\"url\":\"https:\/\/antyrad.pl\/\",\"name\":\"NONSENSIA, Laboratorium.\",\"description\":\"Modafinil, Phenylpiracetam, Bromantane NOOTROPIKI!\",\"publisher\":{\"@id\":\"https:\/\/antyrad.pl\/#organization\"},\"potentialAction\":[{\"@type\":\"SearchAction\",\"target\":{\"@type\":\"EntryPoint\",\"urlTemplate\":\"https:\/\/antyrad.pl\/?s={search_term_string}\"},\"query-input\":\"required name=search_term_string\"}],\"inLanguage\":\"en-US\"},{\"@type\":\"Organization\",\"@id\":\"https:\/\/antyrad.pl\/#organization\",\"name\":\"LAB\",\"url\":\"https:\/\/antyrad.pl\/\",\"logo\":{\"@type\":\"ImageObject\",\"inLanguage\":\"en-US\",\"@id\":\"https:\/\/antyrad.pl\/#\/schema\/logo\/image\/\",\"url\":\"https:\/\/antyrad.pl\/wp-content\/uploads\/2022\/10\/cropped-Nonsensia-2-1.png\",\"contentUrl\":\"https:\/\/antyrad.pl\/wp-content\/uploads\/2022\/10\/cropped-Nonsensia-2-1.png\",\"width\":712,\"height\":657,\"caption\":\"LAB\"},\"image\":{\"@id\":\"https:\/\/antyrad.pl\/#\/schema\/logo\/image\/\"}}]}<\/script>\n<!-- \/ Yoast SEO plugin. -->","yoast_head_json":{"title":"Coluracetam, czysto\u015b\u0107 substancji \u2265 99%, 1000mg - NONSENSIA, Laboratorium.","description":"Coluracetam czysta substancja chemiczna dost\u0119pna z rodziny racetam\u00f3w dost\u0119pna do kupienia online. Profil Coluracetamu to wysokie powinowactwo do Choliny.","robots":{"index":"index","follow":"follow","max-snippet":"max-snippet:-1","max-image-preview":"max-image-preview:large","max-video-preview":"max-video-preview:-1"},"canonical":"https:\/\/antyrad.pl\/en\/sklep\/coluracetam\/","og_locale":"en_US","og_type":"article","og_title":"Coluracetam, czysto\u015b\u0107 substancji \u2265 99%, 1000mg - NONSENSIA, Laboratorium.","og_description":"Coluracetam czysta substancja chemiczna dost\u0119pna z rodziny racetam\u00f3w dost\u0119pna do kupienia online. Profil Coluracetamu to wysokie powinowactwo do Choliny.","og_url":"https:\/\/antyrad.pl\/en\/sklep\/coluracetam\/","og_site_name":"NONSENSIA, Laboratorium.","article_modified_time":"2022-10-09T11:18:58+00:00","og_image":[{"width":2211,"height":2560,"url":"https:\/\/antyrad.pl\/wp-content\/uploads\/2022\/10\/Coluracetam_NONSENSIA-scaled.jpg","type":"image\/jpeg"}],"twitter_card":"summary_large_image","twitter_misc":{"Est. reading time":"2 minutes"},"schema":{"@context":"https:\/\/schema.org","@graph":[{"@type":"WebPage","@id":"https:\/\/antyrad.pl\/en\/sklep\/coluracetam\/","url":"https:\/\/antyrad.pl\/en\/sklep\/coluracetam\/","name":"Coluracetam, czysto\u015b\u0107 substancji \u2265 99%, 1000mg - NONSENSIA, Laboratorium.","isPartOf":{"@id":"https:\/\/antyrad.pl\/#website"},"datePublished":"2022-10-03T12:54:40+00:00","dateModified":"2022-10-09T11:18:58+00:00","description":"Coluracetam czysta substancja chemiczna dost\u0119pna z rodziny racetam\u00f3w dost\u0119pna do kupienia online. Profil Coluracetamu to wysokie powinowactwo do Choliny.","breadcrumb":{"@id":"https:\/\/antyrad.pl\/en\/sklep\/coluracetam\/#breadcrumb"},"inLanguage":"en-US","potentialAction":[{"@type":"ReadAction","target":["https:\/\/antyrad.pl\/en\/sklep\/coluracetam\/"]}]},{"@type":"BreadcrumbList","@id":"https:\/\/antyrad.pl\/en\/sklep\/coluracetam\/#breadcrumb","itemListElement":[{"@type":"ListItem","position":1,"name":"Home","item":"https:\/\/antyrad.pl\/en\/shop-2\/"},{"@type":"ListItem","position":2,"name":"Shop","item":"https:\/\/antyrad.pl\/shop-2\/"},{"@type":"ListItem","position":3,"name":"Coluracetam, czysto\u015b\u0107 substancji \u2265 99%, 1000mg"}]},{"@type":"WebSite","@id":"https:\/\/antyrad.pl\/#website","url":"https:\/\/antyrad.pl\/","name":"NONSENSIA, Laboratorium.","description":"Modafinil, Phenylpiracetam, Bromantane NOOTROPIKI!","publisher":{"@id":"https:\/\/antyrad.pl\/#organization"},"potentialAction":[{"@type":"SearchAction","target":{"@type":"EntryPoint","urlTemplate":"https:\/\/antyrad.pl\/?s={search_term_string}"},"query-input":"required name=search_term_string"}],"inLanguage":"en-US"},{"@type":"Organization","@id":"https:\/\/antyrad.pl\/#organization","name":"LAB","url":"https:\/\/antyrad.pl\/","logo":{"@type":"ImageObject","inLanguage":"en-US","@id":"https:\/\/antyrad.pl\/#\/schema\/logo\/image\/","url":"https:\/\/antyrad.pl\/wp-content\/uploads\/2022\/10\/cropped-Nonsensia-2-1.png","contentUrl":"https:\/\/antyrad.pl\/wp-content\/uploads\/2022\/10\/cropped-Nonsensia-2-1.png","width":712,"height":657,"caption":"LAB"},"image":{"@id":"https:\/\/antyrad.pl\/#\/schema\/logo\/image\/"}}]}},"_links":{"self":[{"href":"https:\/\/antyrad.pl\/en\/wp-json\/wp\/v2\/product\/337"}],"collection":[{"href":"https:\/\/antyrad.pl\/en\/wp-json\/wp\/v2\/product"}],"about":[{"href":"https:\/\/antyrad.pl\/en\/wp-json\/wp\/v2\/types\/product"}],"replies":[{"embeddable":true,"href":"https:\/\/antyrad.pl\/en\/wp-json\/wp\/v2\/comments?post=337"}],"wp:featuredmedia":[{"embeddable":true,"href":"https:\/\/antyrad.pl\/en\/wp-json\/wp\/v2\/media\/338"}],"wp:attachment":[{"href":"https:\/\/antyrad.pl\/en\/wp-json\/wp\/v2\/media?parent=337"}],"wp:term":[{"taxonomy":"product_cat","embeddable":true,"href":"https:\/\/antyrad.pl\/en\/wp-json\/wp\/v2\/product_cat?post=337"},{"taxonomy":"product_tag","embeddable":true,"href":"https:\/\/antyrad.pl\/en\/wp-json\/wp\/v2\/product_tag?post=337"}],"curies":[{"name":"wp","href":"https:\/\/api.w.org\/{rel}","templated":true}]}}