{"id":339,"date":"2022-10-03T13:00:06","date_gmt":"2022-10-03T13:00:06","guid":{"rendered":"https:\/\/antyrad.pl\/?post_type=product&#038;p=339"},"modified":"2022-10-03T13:03:37","modified_gmt":"2022-10-03T13:03:37","slug":"oxiracetam","status":"publish","type":"product","link":"https:\/\/antyrad.pl\/en\/sklep\/oxiracetam\/","title":{"rendered":"Oxiracetam \/ Oksiracetam, czysto\u015b\u0107 \u2265 99%, 1000mg"},"content":{"rendered":"<h1>Oksiracetam 1000 mg<\/h1>\n<ul>\n<li>Czysto\u015b\u0107 \u2265 99%<\/li>\n<li>Waga netto: 1 gram<\/li>\n<li>Nr sprawy: 62613-82-5<\/li>\n<li>Wz\u00f3r cz\u0105steczkowy: C6H10N2O3<\/li>\n<li>Masa cz\u0105steczkowa: 158,155 g\u00b7mol-1<\/li>\n<li>Forma: Proszek<\/li>\n<\/ul>\n<p>Opis:<\/p>\n<p>Oksyracetam (kod rozwojowy substancji ISF 2522) jest lekiem nootropowym z nale\u017c\u0105fcym do rodziny racetam\u00f3w i bardzo \u0142agodnym \u015brodkiem pobudzaj\u0105cym. Kilka bada\u0144 sugeruje, \u017ce substancja jest bezpieczna nawet wtedy, gdy du\u017ce dawki s\u0105 spo\u017cywane przez d\u0142ugi czas. Jednak mechanizm dzia\u0142ania rodziny lek\u00f3w racetamowych jest nadal przedmiotem bada\u0144. Oksiracetam nie jest zatwierdzony przez Food and Drug Administration do jakichkolwiek zastosowa\u0144 medycznych w Stanach Zjednoczonych.<\/p>\n<p>Podj\u0119to wysi\u0142ki w celu zbadania mo\u017cliwo\u015bci zastosowania oksyracetamu jako leku \u0142agodz\u0105cego objawy demencji. [6] Jednak \u017cadne przekonuj\u0105ce wyniki nie zosta\u0142y uzyskane z bada\u0144 pacjent\u00f3w z demencj\u0105 Alzheimera lub nadu\u017cywania rozpuszczalnik\u00f3w organicznych.[6]<\/p>\n<p>Testy przeprowadzone na pacjentach z \u0142agodn\u0105 lub umiarkowan\u0105 demencj\u0105 wykaza\u0142y korzystne efekty mierzone wy\u017cszymi wynikami test\u00f3w sprawno\u015bci logicznej, uwagi, koncentracji, pami\u0119ci i orientacji przestrzennej. Popraw\u0119 zaobserwowano r\u00f3wnie\u017c u pacjent\u00f3w z egzogennym zespo\u0142em powstrz\u0105sowym, organicznymi zespo\u0142ami m\u00f3zgu i innymi ot\u0119pieniami.<\/p>\n<p>Myszy DBA, kt\u00f3rym podawano oksyracetam, wykazywa\u0142y znaczny wzrost zdolno\u015bci uczenia si\u0119 przestrzennego, co okre\u015blono za pomoc\u0105 zadania nawigacji wodnej Morrisa, w por\u00f3wnaniu z grup\u0105 kontroln\u0105. Ten wzrost wydajno\u015bci by\u0142 skorelowany ze wzrostem PKC zwi\u0105zanego z b\u0142on\u0105.<\/p>\n<p>Farmakokinetyka<br \/>\nOksyracetam jest dobrze wch\u0142aniany z przewodu pokarmowego z biodost\u0119pno\u015bci\u0105 56-82%.\u00a0 Maksymalne st\u0119\u017cenie w surowicy jest osi\u0105gane w ci\u0105gu jednej do trzech godzin po podaniu pojedynczej dawki doustnej 800 mg lub 2000 mg, przy czym maksymalne st\u0119\u017cenie w surowicy osi\u0105ga przy tych dawkach od 19 do 31 \u03bcg\/ml.<\/p>\n<p>Oksyracetam jest wydalany g\u0142\u00f3wnie przez nerki i oko\u0142o 84% jest wydalane w postaci niezmienionej z moczem. Okres p\u00f3\u0142trwania oksyracetamu u os\u00f3b zdrowych wynosi oko\u0142o 8 godzin, natomiast u pacjent\u00f3w z zaburzeniami czynno\u015bci nerek 10\u201368 godzin. Istnieje pewna penetracja bariery krew-m\u00f3zg, przy czym st\u0119\u017cenia w m\u00f3zgu si\u0119gaj\u0105 5,3% st\u0119\u017cenia we krwi (mierzone godzin\u0119 po podaniu pojedynczej dawki do\u017cylnej 2000 mg).<\/p>\n<p>Szybko\u015bci klirensu wahaj\u0105 si\u0119 od 9 do 95 ml\/min, a st\u0119\u017cenia w stanie stacjonarnym po podaniu 800 mg dwa razy na dob\u0119 wahaj\u0105 si\u0119 od 60 \u03bcM do 530 \u03bcM.<\/p>\n<p>Najwy\u017csze st\u0119\u017cenia oksyracetamu w m\u00f3zgu wyst\u0119puj\u0105 w przegrodzie przezroczystej, nast\u0119pnie w hipokampie, korze m\u00f3zgowej, a najni\u017csze w pr\u0105\u017ckowiu po podaniu doustnym dawki 200 mg\/kg u szczur\u00f3w.[6] Oksyracetam mo\u017cna oznacza\u0107 ilo\u015bciowo w osoczu, surowicy lub moczu za pomoc\u0105 chromatografii cieczowej za pomoc\u0105 jednej z kilku r\u00f3\u017cnych technik wykrywania.<\/p>\n<p>G\u0142\u00f3wne metabolity oksyracetamu obejmuj\u0105: beta-hydroksy-2-pirolidon, N-aminoacetylo-GABOB, GABOB (beta-hydroksy-GABA) i glicyn\u0119. fenylopiracetam i wszyscy inni cz\u0142onkowie rodziny -racetam\u00f3w, a tak\u017ce kwas piroglutaminowy.<\/p>\n<p>Ze wzgl\u0119du na wysok\u0105 czysto\u015b\u0107 produktu mo\u017ce by\u0107 stosowany wy\u0142\u0105cznie do cel\u00f3w laboratoryjnych.<\/p>\n","protected":false},"excerpt":{"rendered":"<p>Oxiracetam po polsku Oksiracetam to substancja nale\u017c\u0105ca do substancji nootropowych nazwanych racetamami. Oxiracetam usprawnia funkcje kognitywne. Zakup.<\/p>\n","protected":false},"featured_media":340,"comment_status":"closed","ping_status":"closed","template":"","meta":[],"product_cat":[15],"product_tag":[44,43,45,42],"yoast_head":"<!-- This site is optimized with the Yoast SEO plugin v19.9 - https:\/\/yoast.com\/wordpress\/plugins\/seo\/ -->\n<title>Oxiracetam \/ Oksiracetam, czysto\u015b\u0107 \u2265 99%, 1000mg - NONSENSIA, Laboratorium.<\/title>\n<meta name=\"description\" content=\"Oxiracetam po polsku Oksiracetam to substancja nale\u017c\u0105ca do substancji nootropowych nazwanych racetamami. Oxiracetam usprawnia funkcje kognitywne. Zakup.\" \/>\n<meta name=\"robots\" content=\"index, follow, max-snippet:-1, max-image-preview:large, max-video-preview:-1\" \/>\n<link rel=\"canonical\" href=\"https:\/\/antyrad.pl\/en\/sklep\/oxiracetam\/\" \/>\n<meta property=\"og:locale\" content=\"en_US\" \/>\n<meta property=\"og:type\" content=\"article\" \/>\n<meta property=\"og:title\" content=\"Oxiracetam \/ Oksiracetam, czysto\u015b\u0107 \u2265 99%, 1000mg - NONSENSIA, Laboratorium.\" \/>\n<meta property=\"og:description\" content=\"Oxiracetam po polsku Oksiracetam to substancja nale\u017c\u0105ca do substancji nootropowych nazwanych racetamami. Oxiracetam usprawnia funkcje kognitywne. Zakup.\" \/>\n<meta property=\"og:url\" content=\"https:\/\/antyrad.pl\/en\/sklep\/oxiracetam\/\" \/>\n<meta property=\"og:site_name\" content=\"NONSENSIA, Laboratorium.\" \/>\n<meta property=\"article:modified_time\" content=\"2022-10-03T13:03:37+00:00\" \/>\n<meta property=\"og:image\" content=\"https:\/\/antyrad.pl\/wp-content\/uploads\/2022\/10\/OXYRACETAM_TERAZKA-scaled.jpg\" \/>\n\t<meta property=\"og:image:width\" content=\"2540\" \/>\n\t<meta property=\"og:image:height\" content=\"2560\" \/>\n\t<meta property=\"og:image:type\" content=\"image\/jpeg\" \/>\n<meta name=\"twitter:card\" content=\"summary_large_image\" \/>\n<meta name=\"twitter:label1\" content=\"Est. reading time\" \/>\n\t<meta name=\"twitter:data1\" content=\"3 minutes\" \/>\n<script type=\"application\/ld+json\" class=\"yoast-schema-graph\">{\"@context\":\"https:\/\/schema.org\",\"@graph\":[{\"@type\":\"WebPage\",\"@id\":\"https:\/\/antyrad.pl\/en\/sklep\/oxiracetam\/\",\"url\":\"https:\/\/antyrad.pl\/en\/sklep\/oxiracetam\/\",\"name\":\"Oxiracetam \/ Oksiracetam, czysto\u015b\u0107 \u2265 99%, 1000mg - NONSENSIA, Laboratorium.\",\"isPartOf\":{\"@id\":\"https:\/\/antyrad.pl\/#website\"},\"datePublished\":\"2022-10-03T13:00:06+00:00\",\"dateModified\":\"2022-10-03T13:03:37+00:00\",\"description\":\"Oxiracetam po polsku Oksiracetam to substancja nale\u017c\u0105ca do substancji nootropowych nazwanych racetamami. Oxiracetam usprawnia funkcje kognitywne. Zakup.\",\"breadcrumb\":{\"@id\":\"https:\/\/antyrad.pl\/en\/sklep\/oxiracetam\/#breadcrumb\"},\"inLanguage\":\"en-US\",\"potentialAction\":[{\"@type\":\"ReadAction\",\"target\":[\"https:\/\/antyrad.pl\/en\/sklep\/oxiracetam\/\"]}]},{\"@type\":\"BreadcrumbList\",\"@id\":\"https:\/\/antyrad.pl\/en\/sklep\/oxiracetam\/#breadcrumb\",\"itemListElement\":[{\"@type\":\"ListItem\",\"position\":1,\"name\":\"Home\",\"item\":\"https:\/\/antyrad.pl\/en\/shop-2\/\"},{\"@type\":\"ListItem\",\"position\":2,\"name\":\"Shop\",\"item\":\"https:\/\/antyrad.pl\/shop-2\/\"},{\"@type\":\"ListItem\",\"position\":3,\"name\":\"Oxiracetam \/ Oksiracetam, czysto\u015b\u0107 \u2265 99%, 1000mg\"}]},{\"@type\":\"WebSite\",\"@id\":\"https:\/\/antyrad.pl\/#website\",\"url\":\"https:\/\/antyrad.pl\/\",\"name\":\"NONSENSIA, Laboratorium.\",\"description\":\"Modafinil, Phenylpiracetam, Bromantane NOOTROPIKI!\",\"publisher\":{\"@id\":\"https:\/\/antyrad.pl\/#organization\"},\"potentialAction\":[{\"@type\":\"SearchAction\",\"target\":{\"@type\":\"EntryPoint\",\"urlTemplate\":\"https:\/\/antyrad.pl\/?s={search_term_string}\"},\"query-input\":\"required name=search_term_string\"}],\"inLanguage\":\"en-US\"},{\"@type\":\"Organization\",\"@id\":\"https:\/\/antyrad.pl\/#organization\",\"name\":\"LAB\",\"url\":\"https:\/\/antyrad.pl\/\",\"logo\":{\"@type\":\"ImageObject\",\"inLanguage\":\"en-US\",\"@id\":\"https:\/\/antyrad.pl\/#\/schema\/logo\/image\/\",\"url\":\"https:\/\/antyrad.pl\/wp-content\/uploads\/2022\/10\/cropped-Nonsensia-2-1.png\",\"contentUrl\":\"https:\/\/antyrad.pl\/wp-content\/uploads\/2022\/10\/cropped-Nonsensia-2-1.png\",\"width\":712,\"height\":657,\"caption\":\"LAB\"},\"image\":{\"@id\":\"https:\/\/antyrad.pl\/#\/schema\/logo\/image\/\"}}]}<\/script>\n<!-- \/ Yoast SEO plugin. -->","yoast_head_json":{"title":"Oxiracetam \/ Oksiracetam, czysto\u015b\u0107 \u2265 99%, 1000mg - NONSENSIA, Laboratorium.","description":"Oxiracetam po polsku Oksiracetam to substancja nale\u017c\u0105ca do substancji nootropowych nazwanych racetamami. Oxiracetam usprawnia funkcje kognitywne. Zakup.","robots":{"index":"index","follow":"follow","max-snippet":"max-snippet:-1","max-image-preview":"max-image-preview:large","max-video-preview":"max-video-preview:-1"},"canonical":"https:\/\/antyrad.pl\/en\/sklep\/oxiracetam\/","og_locale":"en_US","og_type":"article","og_title":"Oxiracetam \/ Oksiracetam, czysto\u015b\u0107 \u2265 99%, 1000mg - NONSENSIA, Laboratorium.","og_description":"Oxiracetam po polsku Oksiracetam to substancja nale\u017c\u0105ca do substancji nootropowych nazwanych racetamami. Oxiracetam usprawnia funkcje kognitywne. Zakup.","og_url":"https:\/\/antyrad.pl\/en\/sklep\/oxiracetam\/","og_site_name":"NONSENSIA, Laboratorium.","article_modified_time":"2022-10-03T13:03:37+00:00","og_image":[{"width":2540,"height":2560,"url":"https:\/\/antyrad.pl\/wp-content\/uploads\/2022\/10\/OXYRACETAM_TERAZKA-scaled.jpg","type":"image\/jpeg"}],"twitter_card":"summary_large_image","twitter_misc":{"Est. reading time":"3 minutes"},"schema":{"@context":"https:\/\/schema.org","@graph":[{"@type":"WebPage","@id":"https:\/\/antyrad.pl\/en\/sklep\/oxiracetam\/","url":"https:\/\/antyrad.pl\/en\/sklep\/oxiracetam\/","name":"Oxiracetam \/ Oksiracetam, czysto\u015b\u0107 \u2265 99%, 1000mg - NONSENSIA, Laboratorium.","isPartOf":{"@id":"https:\/\/antyrad.pl\/#website"},"datePublished":"2022-10-03T13:00:06+00:00","dateModified":"2022-10-03T13:03:37+00:00","description":"Oxiracetam po polsku Oksiracetam to substancja nale\u017c\u0105ca do substancji nootropowych nazwanych racetamami. Oxiracetam usprawnia funkcje kognitywne. Zakup.","breadcrumb":{"@id":"https:\/\/antyrad.pl\/en\/sklep\/oxiracetam\/#breadcrumb"},"inLanguage":"en-US","potentialAction":[{"@type":"ReadAction","target":["https:\/\/antyrad.pl\/en\/sklep\/oxiracetam\/"]}]},{"@type":"BreadcrumbList","@id":"https:\/\/antyrad.pl\/en\/sklep\/oxiracetam\/#breadcrumb","itemListElement":[{"@type":"ListItem","position":1,"name":"Home","item":"https:\/\/antyrad.pl\/en\/shop-2\/"},{"@type":"ListItem","position":2,"name":"Shop","item":"https:\/\/antyrad.pl\/shop-2\/"},{"@type":"ListItem","position":3,"name":"Oxiracetam \/ Oksiracetam, czysto\u015b\u0107 \u2265 99%, 1000mg"}]},{"@type":"WebSite","@id":"https:\/\/antyrad.pl\/#website","url":"https:\/\/antyrad.pl\/","name":"NONSENSIA, Laboratorium.","description":"Modafinil, Phenylpiracetam, Bromantane NOOTROPIKI!","publisher":{"@id":"https:\/\/antyrad.pl\/#organization"},"potentialAction":[{"@type":"SearchAction","target":{"@type":"EntryPoint","urlTemplate":"https:\/\/antyrad.pl\/?s={search_term_string}"},"query-input":"required name=search_term_string"}],"inLanguage":"en-US"},{"@type":"Organization","@id":"https:\/\/antyrad.pl\/#organization","name":"LAB","url":"https:\/\/antyrad.pl\/","logo":{"@type":"ImageObject","inLanguage":"en-US","@id":"https:\/\/antyrad.pl\/#\/schema\/logo\/image\/","url":"https:\/\/antyrad.pl\/wp-content\/uploads\/2022\/10\/cropped-Nonsensia-2-1.png","contentUrl":"https:\/\/antyrad.pl\/wp-content\/uploads\/2022\/10\/cropped-Nonsensia-2-1.png","width":712,"height":657,"caption":"LAB"},"image":{"@id":"https:\/\/antyrad.pl\/#\/schema\/logo\/image\/"}}]}},"_links":{"self":[{"href":"https:\/\/antyrad.pl\/en\/wp-json\/wp\/v2\/product\/339"}],"collection":[{"href":"https:\/\/antyrad.pl\/en\/wp-json\/wp\/v2\/product"}],"about":[{"href":"https:\/\/antyrad.pl\/en\/wp-json\/wp\/v2\/types\/product"}],"replies":[{"embeddable":true,"href":"https:\/\/antyrad.pl\/en\/wp-json\/wp\/v2\/comments?post=339"}],"wp:featuredmedia":[{"embeddable":true,"href":"https:\/\/antyrad.pl\/en\/wp-json\/wp\/v2\/media\/340"}],"wp:attachment":[{"href":"https:\/\/antyrad.pl\/en\/wp-json\/wp\/v2\/media?parent=339"}],"wp:term":[{"taxonomy":"product_cat","embeddable":true,"href":"https:\/\/antyrad.pl\/en\/wp-json\/wp\/v2\/product_cat?post=339"},{"taxonomy":"product_tag","embeddable":true,"href":"https:\/\/antyrad.pl\/en\/wp-json\/wp\/v2\/product_tag?post=339"}],"curies":[{"name":"wp","href":"https:\/\/api.w.org\/{rel}","templated":true}]}}