{"id":580,"date":"2022-10-26T06:54:57","date_gmt":"2022-10-26T06:54:57","guid":{"rendered":"https:\/\/antyrad.pl\/?post_type=product&#038;p=580"},"modified":"2022-10-26T12:57:59","modified_gmt":"2022-10-26T12:57:59","slug":"phenibut","status":"publish","type":"product","link":"https:\/\/antyrad.pl\/en\/sklep\/phenibut\/","title":{"rendered":"Phenibut \/ Fenibut \u2265 99% 1000mg."},"content":{"rendered":"<h1>Phenibut \/ Fenibut<\/h1>\n<p>Moleku\u0142a znana pod nazwami; Noofen, Anvifen oraz pod spolszczon\u0105 nazw\u0105 fenibut.<\/p>\n<ul>\n<li>\n<h2>Numer CAS: 1078-21-3<\/h2>\n<\/li>\n<li>\n<h2>Czysto\u015b\u0107 Fenibutu \u2265 99.00%<\/h2>\n<\/li>\n<li>\n<h2>Waga netto: 1000mg.<\/h2>\n<\/li>\n<li>\n<h2>Wz\u00f3r chemiczny: C10H13NO2<\/h2>\n<\/li>\n<li>\n<h2>Masa molowa: 179.219 g\u00b7mol\u22121<\/h2>\n<\/li>\n<li>\n<h2>Zastosowanie: Odczynnik chemiczny, produkt do bada\u0144 labolatoryjnych. Nie do spo\u017cycia!<\/h2>\n<\/li>\n<li>\n<h2>Uwaga produkt ca\u0142kowicie syntetyczny wyprodukowany w labolatorium.<\/h2>\n<\/li>\n<\/ul>\n<p>Phenibut posiada niezwykle interesuj\u0105c\u0105 farmakokinetyk\u0119. W rosji jest sprzedawany jako Olainfarm. Phenibut jest szeroko dost\u0119pny jako chloforowdorek (HCL).<\/p>\n<p>&nbsp;<\/p>\n<p>Pe\u0142na lista brand\u00f3w w k\u00f3rych Fenibut\/Phenibut jest dost\u0119pny jako substancja aktywna:<\/p>\n<ul>\n<li>Anvifen<\/li>\n<li>Fenibut<\/li>\n<li>Bifren<\/li>\n<li>Noofen<\/li>\n<li>\u0410\u043d\u0432\u0438\u0444\u0435\u043d<\/li>\n<li>\u0424\u0435\u043d\u0438\u0431\u0443\u0442<\/li>\n<li>\u0411\u0438\u0444\u0440\u0435\u043d<\/li>\n<li>\u041d\u043e\u043e\u0444\u0435\u043d<\/li>\n<\/ul>\n","protected":false},"excerpt":{"rendered":"<p>Fenibut wykazuje si\u0119 silnym dzia\u0142aniem antyl\u0119kowym. Doprowadza do ca\u0142kowitej eliminacji b\u0105d\u017a znacznej redukcji l\u0119ku, niepokoju. Wp\u0142yw na \u0142agodzenie napi\u0119cia nerwowego znacznie popraw\u0119 tak\u017ce jako\u015bci snu. Niezwykle interesuj\u0105ca substancja odzia\u0142uj\u0105ca na receptory GABA.<\/p>\n","protected":false},"featured_media":581,"comment_status":"closed","ping_status":"closed","template":"","meta":[],"product_cat":[135],"product_tag":[268,269,266,267,263,265,264,262],"yoast_head":"<!-- This site is optimized with the Yoast SEO plugin v19.9 - https:\/\/yoast.com\/wordpress\/plugins\/seo\/ -->\n<title>Phenibut \/ Fenibut \u2265 99% 1000mg. - NONSENSIA, Laboratorium.<\/title>\n<meta name=\"description\" content=\"Fenibut wykazuje si\u0119 silnym dzia\u0142aniem antyl\u0119kowym. Doprowadza do redukcji l\u0119ku, niepokoju. Przez GABA odzia\u0142uje antyl\u0119kowo. Znacznie popraw\u0119 jako\u015bci snu.\" \/>\n<meta name=\"robots\" content=\"index, follow, max-snippet:-1, max-image-preview:large, max-video-preview:-1\" \/>\n<link rel=\"canonical\" href=\"https:\/\/antyrad.pl\/en\/sklep\/phenibut\/\" \/>\n<meta property=\"og:locale\" content=\"en_US\" \/>\n<meta property=\"og:type\" content=\"article\" \/>\n<meta property=\"og:title\" content=\"Phenibut \/ Fenibut \u2265 99% 1000mg. - NONSENSIA, Laboratorium.\" \/>\n<meta property=\"og:description\" content=\"Fenibut wykazuje si\u0119 silnym dzia\u0142aniem antyl\u0119kowym. Doprowadza do redukcji l\u0119ku, niepokoju. Przez GABA odzia\u0142uje antyl\u0119kowo. Znacznie popraw\u0119 jako\u015bci snu.\" \/>\n<meta property=\"og:url\" content=\"https:\/\/antyrad.pl\/en\/sklep\/phenibut\/\" \/>\n<meta property=\"og:site_name\" content=\"NONSENSIA, Laboratorium.\" \/>\n<meta property=\"article:modified_time\" content=\"2022-10-26T12:57:59+00:00\" \/>\n<meta property=\"og:image\" content=\"https:\/\/antyrad.pl\/wp-content\/uploads\/2022\/10\/Phenibut_Fenibut_Anvifen_Fenibut_Bifren_Noofen_Shop_Buy_Online.png\" \/>\n\t<meta property=\"og:image:width\" content=\"1920\" \/>\n\t<meta property=\"og:image:height\" content=\"1920\" \/>\n\t<meta property=\"og:image:type\" content=\"image\/png\" \/>\n<meta name=\"twitter:card\" content=\"summary_large_image\" \/>\n<meta name=\"twitter:label1\" content=\"Est. reading time\" \/>\n\t<meta name=\"twitter:data1\" content=\"1 minute\" \/>\n<script type=\"application\/ld+json\" class=\"yoast-schema-graph\">{\"@context\":\"https:\/\/schema.org\",\"@graph\":[{\"@type\":\"WebPage\",\"@id\":\"https:\/\/antyrad.pl\/en\/sklep\/phenibut\/\",\"url\":\"https:\/\/antyrad.pl\/en\/sklep\/phenibut\/\",\"name\":\"Phenibut \/ Fenibut \u2265 99% 1000mg. - NONSENSIA, Laboratorium.\",\"isPartOf\":{\"@id\":\"https:\/\/antyrad.pl\/#website\"},\"datePublished\":\"2022-10-26T06:54:57+00:00\",\"dateModified\":\"2022-10-26T12:57:59+00:00\",\"description\":\"Fenibut wykazuje si\u0119 silnym dzia\u0142aniem antyl\u0119kowym. Doprowadza do redukcji l\u0119ku, niepokoju. Przez GABA odzia\u0142uje antyl\u0119kowo. Znacznie popraw\u0119 jako\u015bci snu.\",\"breadcrumb\":{\"@id\":\"https:\/\/antyrad.pl\/en\/sklep\/phenibut\/#breadcrumb\"},\"inLanguage\":\"en-US\",\"potentialAction\":[{\"@type\":\"ReadAction\",\"target\":[\"https:\/\/antyrad.pl\/en\/sklep\/phenibut\/\"]}]},{\"@type\":\"BreadcrumbList\",\"@id\":\"https:\/\/antyrad.pl\/en\/sklep\/phenibut\/#breadcrumb\",\"itemListElement\":[{\"@type\":\"ListItem\",\"position\":1,\"name\":\"Home\",\"item\":\"https:\/\/antyrad.pl\/en\/shop-2\/\"},{\"@type\":\"ListItem\",\"position\":2,\"name\":\"Shop\",\"item\":\"https:\/\/antyrad.pl\/shop-2\/\"},{\"@type\":\"ListItem\",\"position\":3,\"name\":\"Phenibut \/ Fenibut \u2265 99% 1000mg.\"}]},{\"@type\":\"WebSite\",\"@id\":\"https:\/\/antyrad.pl\/#website\",\"url\":\"https:\/\/antyrad.pl\/\",\"name\":\"NONSENSIA, Laboratorium.\",\"description\":\"Modafinil, Phenylpiracetam, Bromantane NOOTROPIKI!\",\"publisher\":{\"@id\":\"https:\/\/antyrad.pl\/#organization\"},\"potentialAction\":[{\"@type\":\"SearchAction\",\"target\":{\"@type\":\"EntryPoint\",\"urlTemplate\":\"https:\/\/antyrad.pl\/?s={search_term_string}\"},\"query-input\":\"required name=search_term_string\"}],\"inLanguage\":\"en-US\"},{\"@type\":\"Organization\",\"@id\":\"https:\/\/antyrad.pl\/#organization\",\"name\":\"LAB\",\"url\":\"https:\/\/antyrad.pl\/\",\"logo\":{\"@type\":\"ImageObject\",\"inLanguage\":\"en-US\",\"@id\":\"https:\/\/antyrad.pl\/#\/schema\/logo\/image\/\",\"url\":\"https:\/\/antyrad.pl\/wp-content\/uploads\/2022\/10\/cropped-Nonsensia-2-1.png\",\"contentUrl\":\"https:\/\/antyrad.pl\/wp-content\/uploads\/2022\/10\/cropped-Nonsensia-2-1.png\",\"width\":712,\"height\":657,\"caption\":\"LAB\"},\"image\":{\"@id\":\"https:\/\/antyrad.pl\/#\/schema\/logo\/image\/\"}}]}<\/script>\n<!-- \/ Yoast SEO plugin. -->","yoast_head_json":{"title":"Phenibut \/ Fenibut \u2265 99% 1000mg. - NONSENSIA, Laboratorium.","description":"Fenibut wykazuje si\u0119 silnym dzia\u0142aniem antyl\u0119kowym. Doprowadza do redukcji l\u0119ku, niepokoju. Przez GABA odzia\u0142uje antyl\u0119kowo. Znacznie popraw\u0119 jako\u015bci snu.","robots":{"index":"index","follow":"follow","max-snippet":"max-snippet:-1","max-image-preview":"max-image-preview:large","max-video-preview":"max-video-preview:-1"},"canonical":"https:\/\/antyrad.pl\/en\/sklep\/phenibut\/","og_locale":"en_US","og_type":"article","og_title":"Phenibut \/ Fenibut \u2265 99% 1000mg. - NONSENSIA, Laboratorium.","og_description":"Fenibut wykazuje si\u0119 silnym dzia\u0142aniem antyl\u0119kowym. Doprowadza do redukcji l\u0119ku, niepokoju. Przez GABA odzia\u0142uje antyl\u0119kowo. Znacznie popraw\u0119 jako\u015bci snu.","og_url":"https:\/\/antyrad.pl\/en\/sklep\/phenibut\/","og_site_name":"NONSENSIA, Laboratorium.","article_modified_time":"2022-10-26T12:57:59+00:00","og_image":[{"width":1920,"height":1920,"url":"https:\/\/antyrad.pl\/wp-content\/uploads\/2022\/10\/Phenibut_Fenibut_Anvifen_Fenibut_Bifren_Noofen_Shop_Buy_Online.png","type":"image\/png"}],"twitter_card":"summary_large_image","twitter_misc":{"Est. reading time":"1 minute"},"schema":{"@context":"https:\/\/schema.org","@graph":[{"@type":"WebPage","@id":"https:\/\/antyrad.pl\/en\/sklep\/phenibut\/","url":"https:\/\/antyrad.pl\/en\/sklep\/phenibut\/","name":"Phenibut \/ Fenibut \u2265 99% 1000mg. - NONSENSIA, Laboratorium.","isPartOf":{"@id":"https:\/\/antyrad.pl\/#website"},"datePublished":"2022-10-26T06:54:57+00:00","dateModified":"2022-10-26T12:57:59+00:00","description":"Fenibut wykazuje si\u0119 silnym dzia\u0142aniem antyl\u0119kowym. Doprowadza do redukcji l\u0119ku, niepokoju. Przez GABA odzia\u0142uje antyl\u0119kowo. Znacznie popraw\u0119 jako\u015bci snu.","breadcrumb":{"@id":"https:\/\/antyrad.pl\/en\/sklep\/phenibut\/#breadcrumb"},"inLanguage":"en-US","potentialAction":[{"@type":"ReadAction","target":["https:\/\/antyrad.pl\/en\/sklep\/phenibut\/"]}]},{"@type":"BreadcrumbList","@id":"https:\/\/antyrad.pl\/en\/sklep\/phenibut\/#breadcrumb","itemListElement":[{"@type":"ListItem","position":1,"name":"Home","item":"https:\/\/antyrad.pl\/en\/shop-2\/"},{"@type":"ListItem","position":2,"name":"Shop","item":"https:\/\/antyrad.pl\/shop-2\/"},{"@type":"ListItem","position":3,"name":"Phenibut \/ Fenibut \u2265 99% 1000mg."}]},{"@type":"WebSite","@id":"https:\/\/antyrad.pl\/#website","url":"https:\/\/antyrad.pl\/","name":"NONSENSIA, Laboratorium.","description":"Modafinil, Phenylpiracetam, Bromantane NOOTROPIKI!","publisher":{"@id":"https:\/\/antyrad.pl\/#organization"},"potentialAction":[{"@type":"SearchAction","target":{"@type":"EntryPoint","urlTemplate":"https:\/\/antyrad.pl\/?s={search_term_string}"},"query-input":"required name=search_term_string"}],"inLanguage":"en-US"},{"@type":"Organization","@id":"https:\/\/antyrad.pl\/#organization","name":"LAB","url":"https:\/\/antyrad.pl\/","logo":{"@type":"ImageObject","inLanguage":"en-US","@id":"https:\/\/antyrad.pl\/#\/schema\/logo\/image\/","url":"https:\/\/antyrad.pl\/wp-content\/uploads\/2022\/10\/cropped-Nonsensia-2-1.png","contentUrl":"https:\/\/antyrad.pl\/wp-content\/uploads\/2022\/10\/cropped-Nonsensia-2-1.png","width":712,"height":657,"caption":"LAB"},"image":{"@id":"https:\/\/antyrad.pl\/#\/schema\/logo\/image\/"}}]}},"_links":{"self":[{"href":"https:\/\/antyrad.pl\/en\/wp-json\/wp\/v2\/product\/580"}],"collection":[{"href":"https:\/\/antyrad.pl\/en\/wp-json\/wp\/v2\/product"}],"about":[{"href":"https:\/\/antyrad.pl\/en\/wp-json\/wp\/v2\/types\/product"}],"replies":[{"embeddable":true,"href":"https:\/\/antyrad.pl\/en\/wp-json\/wp\/v2\/comments?post=580"}],"wp:featuredmedia":[{"embeddable":true,"href":"https:\/\/antyrad.pl\/en\/wp-json\/wp\/v2\/media\/581"}],"wp:attachment":[{"href":"https:\/\/antyrad.pl\/en\/wp-json\/wp\/v2\/media?parent=580"}],"wp:term":[{"taxonomy":"product_cat","embeddable":true,"href":"https:\/\/antyrad.pl\/en\/wp-json\/wp\/v2\/product_cat?post=580"},{"taxonomy":"product_tag","embeddable":true,"href":"https:\/\/antyrad.pl\/en\/wp-json\/wp\/v2\/product_tag?post=580"}],"curies":[{"name":"wp","href":"https:\/\/api.w.org\/{rel}","templated":true}]}}